{"id":1864,"date":"2025-04-10T17:43:45","date_gmt":"2025-04-10T17:43:45","guid":{"rendered":"https:\/\/evitale.ca\/panier\/"},"modified":"2025-05-13T14:27:05","modified_gmt":"2025-05-13T14:27:05","slug":"panier","status":"publish","type":"page","link":"https:\/\/evitale.ca\/fr\/panier\/","title":{"rendered":"Panier"},"content":{"rendered":"<div class=\"fusion-fullwidth fullwidth-box fusion-builder-row-1 fusion-flex-container nonhundred-percent-fullwidth non-hundred-percent-height-scrolling\" style=\"--awb-border-radius-top-left:0px;--awb-border-radius-top-right:0px;--awb-border-radius-bottom-right:0px;--awb-border-radius-bottom-left:0px;--awb-padding-top:50px;--awb-flex-wrap:wrap;\" ><div class=\"fusion-builder-row fusion-row fusion-flex-align-items-flex-start fusion-flex-content-wrap\" style=\"max-width:1248px;margin-left: calc(-4% \/ 2 );margin-right: calc(-4% \/ 2 );\"><div class=\"fusion-layout-column fusion_builder_column fusion-builder-column-0 fusion_builder_column_1_1 1_1 fusion-flex-column\" style=\"--awb-bg-size:cover;--awb-width-large:100%;--awb-margin-top-large:0px;--awb-spacing-right-large:1.92%;--awb-margin-bottom-large:0px;--awb-spacing-left-large:1.92%;--awb-width-medium:100%;--awb-spacing-right-medium:1.92%;--awb-spacing-left-medium:1.92%;--awb-width-small:100%;--awb-spacing-right-small:1.92%;--awb-spacing-left-small:1.92%;\"><div class=\"fusion-column-wrapper fusion-flex-justify-content-flex-start fusion-content-layout-column\"><div class=\"fusion-text fusion-text-1\"><\/p>\n<div data-block-name=\"woocommerce\/cart\" class=\"wp-block-woocommerce-cart alignwide is-loading\">\n<div data-block-name=\"woocommerce\/filled-cart-block\" class=\"wp-block-woocommerce-filled-cart-block\">\n<div data-block-name=\"woocommerce\/cart-items-block\" class=\"wp-block-woocommerce-cart-items-block\">\n<div data-block-name=\"woocommerce\/cart-line-items-block\" class=\"wp-block-woocommerce-cart-line-items-block\"><\/div>\n<\/p>\n<div data-block-name=\"woocommerce\/cart-cross-sells-block\" class=\"wp-block-woocommerce-cart-cross-sells-block\">&#13;<\/p>\n<h2 class=\"wp-block-heading has-large-font-size\">Vous pourriez \u00eatre int\u00e9ress\u00e9 par&#8230;<\/h2>\n<p>&#13;<\/p>\n<\/p>\n<div data-block-name=\"woocommerce\/cart-cross-sells-products-block\" class=\"wp-block-woocommerce-cart-cross-sells-products-block\"><\/div>\n<\/div>\n<\/div>\n<\/p>\n<div data-block-name=\"woocommerce\/cart-totals-block\" class=\"wp-block-woocommerce-cart-totals-block\">\n<div data-block-name=\"woocommerce\/cart-order-summary-block\" class=\"wp-block-woocommerce-cart-order-summary-block\">\n<div data-block-name=\"woocommerce\/cart-order-summary-heading-block\" class=\"wp-block-woocommerce-cart-order-summary-heading-block\"><\/div>\n<\/p>\n<div data-block-name=\"woocommerce\/cart-order-summary-coupon-form-block\" class=\"wp-block-woocommerce-cart-order-summary-coupon-form-block\"><\/div>\n<\/p>\n<\/p>\n<\/p>\n<\/p>\n<\/p>\n<div data-block-name=\"woocommerce\/cart-order-summary-totals-block\" class=\"wp-block-woocommerce-cart-order-summary-totals-block\">\n<div data-block-name=\"woocommerce\/cart-order-summary-subtotal-block\" class=\"wp-block-woocommerce-cart-order-summary-subtotal-block\"><\/div>\n<div data-block-name=\"woocommerce\/cart-order-summary-discount-block\" class=\"wp-block-woocommerce-cart-order-summary-discount-block\"><\/div>\n<div data-block-name=\"woocommerce\/cart-order-summary-fee-block\" class=\"wp-block-woocommerce-cart-order-summary-fee-block\"><\/div>\n<div data-block-name=\"woocommerce\/cart-order-summary-shipping-block\" class=\"wp-block-woocommerce-cart-order-summary-shipping-block\"><\/div>\n<div data-block-name=\"woocommerce\/cart-order-summary-taxes-block\" class=\"wp-block-woocommerce-cart-order-summary-taxes-block\"><\/div>\n<\/div>\n<\/div>\n<\/p>\n<div data-block-name=\"woocommerce\/cart-express-payment-block\" class=\"wp-block-woocommerce-cart-express-payment-block\"><\/div>\n<\/p>\n<div data-block-name=\"woocommerce\/proceed-to-checkout-block\" class=\"wp-block-woocommerce-proceed-to-checkout-block\"><\/div>\n<\/p>\n<div data-block-name=\"woocommerce\/cart-accepted-payment-methods-block\" class=\"wp-block-woocommerce-cart-accepted-payment-methods-block\"><\/div>\n<\/div>\n<\/div>\n<\/p>\n<div data-block-name=\"woocommerce\/empty-cart-block\" class=\"wp-block-woocommerce-empty-cart-block\">&#13;<\/p>\n<h2 class=\"wp-block-heading has-text-align-center with-empty-cart-icon wc-block-cart__empty-cart__title\">Votre panier est actuellement vide !<\/h2>\n<p>&#13;<\/p>\n<\/p>\n<hr class=\"wp-block-separator has-alpha-channel-opacity is-style-dots\"\/>\n<p>&#13;<\/p>\n<h2 class=\"wp-block-heading has-text-align-center\">Nouveau en magasin<\/h2>\n<p>&#13;<\/p>\n<div data-block-name=\"woocommerce\/product-new\" data-columns=\"4\" data-rows=\"1\" class=\"wc-block-grid wp-block-product-new wp-block-woocommerce-product-new wc-block-product-new has-4-columns\">\n<ul class=\"wc-block-grid__products\">\n<li class=\"wc-block-grid__product\">\n\t\t\t\t<a href=\"https:\/\/evitale.ca\/fr\/product\/pass-journalier\/\" class=\"wc-block-grid__product-link\"><\/p>\n<div class=\"wc-block-grid__product-image\"><img decoding=\"async\" width=\"500\" height=\"294\" src=\"https:\/\/evitale.ca\/wp-content\/uploads\/2025\/05\/Screenshot-2025-05-27-at-8.44.44-PM-500x294.jpg\" class=\"attachment-woocommerce_thumbnail size-woocommerce_thumbnail lazyload\" alt=\"Pass journalier\" srcset=\"data:image\/svg+xml,%3Csvg%20xmlns%3D%27http%3A%2F%2Fwww.w3.org%2F2000%2Fsvg%27%20width%3D%272514%27%20height%3D%271480%27%20viewBox%3D%270%200%202514%201480%27%3E%3Crect%20width%3D%272514%27%20height%3D%271480%27%20fill-opacity%3D%220%22%2F%3E%3C%2Fsvg%3E\" data-orig-src=\"https:\/\/evitale.ca\/wp-content\/uploads\/2025\/05\/Screenshot-2025-05-27-at-8.44.44-PM-500x294.jpg\" data-srcset=\"https:\/\/evitale.ca\/wp-content\/uploads\/2025\/05\/Screenshot-2025-05-27-at-8.44.44-PM-200x118.jpg 200w, https:\/\/evitale.ca\/wp-content\/uploads\/2025\/05\/Screenshot-2025-05-27-at-8.44.44-PM-300x177.jpg 300w, https:\/\/evitale.ca\/wp-content\/uploads\/2025\/05\/Screenshot-2025-05-27-at-8.44.44-PM-400x235.jpg 400w, https:\/\/evitale.ca\/wp-content\/uploads\/2025\/05\/Screenshot-2025-05-27-at-8.44.44-PM-500x294.jpg 500w, https:\/\/evitale.ca\/wp-content\/uploads\/2025\/05\/Screenshot-2025-05-27-at-8.44.44-PM-600x353.jpg 600w, https:\/\/evitale.ca\/wp-content\/uploads\/2025\/05\/Screenshot-2025-05-27-at-8.44.44-PM-700x412.jpg 700w, https:\/\/evitale.ca\/wp-content\/uploads\/2025\/05\/Screenshot-2025-05-27-at-8.44.44-PM-768x452.jpg 768w, https:\/\/evitale.ca\/wp-content\/uploads\/2025\/05\/Screenshot-2025-05-27-at-8.44.44-PM-800x471.jpg 800w, https:\/\/evitale.ca\/wp-content\/uploads\/2025\/05\/Screenshot-2025-05-27-at-8.44.44-PM-1024x603.jpg 1024w, https:\/\/evitale.ca\/wp-content\/uploads\/2025\/05\/Screenshot-2025-05-27-at-8.44.44-PM-1200x706.jpg 1200w, https:\/\/evitale.ca\/wp-content\/uploads\/2025\/05\/Screenshot-2025-05-27-at-8.44.44-PM-1536x904.jpg 1536w\" data-sizes=\"auto\" \/><\/div>\n<div class=\"wc-block-grid__product-title\">Pass journalier<\/div>\n<p>\t\t\t\t<\/a><\/p>\n<div class=\"wc-block-grid__product-price price\"><span class=\"woocommerce-Price-amount amount\" aria-hidden=\"true\"><span class=\"woocommerce-Price-currencySymbol\">&#036;<\/span>49.99<\/span> <span aria-hidden=\"true\">\u00a0\u2013\u00a0<\/span> <span class=\"woocommerce-Price-amount amount\" aria-hidden=\"true\"><span class=\"woocommerce-Price-currencySymbol\">&#036;<\/span>79.99<\/span><span class=\"screen-reader-text\">Plage de prix\u00a0: &#036;49.99 \u00e0 &#036;79.99<\/span><\/div>\n<div class=\"wp-block-button wc-block-grid__product-add-to-cart\"><a href=\"https:\/\/evitale.ca\/fr\/product\/pass-journalier\/\" aria-label=\"S\u00e9lectionner les options pour &ldquo;Pass journalier&rdquo;\" data-quantity=\"1\" data-product_id=\"4347\" data-product_sku=\"\" data-price=\"49.99\" rel=\"nofollow\" class=\"wp-block-button__link  add_to_cart_button\">Choix des options<\/a><\/div>\n<\/li>\n<li class=\"wc-block-grid__product\">\n\t\t\t\t<a href=\"https:\/\/evitale.ca\/fr\/product\/spa-membership\/\" class=\"wc-block-grid__product-link\"><\/p>\n<div class=\"wc-block-grid__product-image\"><img decoding=\"async\" width=\"500\" height=\"600\" src=\"https:\/\/evitale.ca\/wp-content\/uploads\/2025\/08\/Screenshot-2026-01-31-at-9.56.45-PM-500x600.jpg\" class=\"attachment-woocommerce_thumbnail size-woocommerce_thumbnail lazyload\" alt=\"Adh\u00e9sion au spa\" srcset=\"data:image\/svg+xml,%3Csvg%20xmlns%3D%27http%3A%2F%2Fwww.w3.org%2F2000%2Fsvg%27%20width%3D%27910%27%20height%3D%271092%27%20viewBox%3D%270%200%20910%201092%27%3E%3Crect%20width%3D%27910%27%20height%3D%271092%27%20fill-opacity%3D%220%22%2F%3E%3C%2Fsvg%3E\" data-orig-src=\"https:\/\/evitale.ca\/wp-content\/uploads\/2025\/08\/Screenshot-2026-01-31-at-9.56.45-PM-500x600.jpg\" data-srcset=\"https:\/\/evitale.ca\/wp-content\/uploads\/2025\/08\/Screenshot-2026-01-31-at-9.56.45-PM-200x240.jpg 200w, https:\/\/evitale.ca\/wp-content\/uploads\/2025\/08\/Screenshot-2026-01-31-at-9.56.45-PM-250x300.jpg 250w, https:\/\/evitale.ca\/wp-content\/uploads\/2025\/08\/Screenshot-2026-01-31-at-9.56.45-PM-400x480.jpg 400w, https:\/\/evitale.ca\/wp-content\/uploads\/2025\/08\/Screenshot-2026-01-31-at-9.56.45-PM-500x600.jpg 500w, https:\/\/evitale.ca\/wp-content\/uploads\/2025\/08\/Screenshot-2026-01-31-at-9.56.45-PM-600x720.jpg 600w, https:\/\/evitale.ca\/wp-content\/uploads\/2025\/08\/Screenshot-2026-01-31-at-9.56.45-PM-700x840.jpg 700w, https:\/\/evitale.ca\/wp-content\/uploads\/2025\/08\/Screenshot-2026-01-31-at-9.56.45-PM-768x922.jpg 768w, https:\/\/evitale.ca\/wp-content\/uploads\/2025\/08\/Screenshot-2026-01-31-at-9.56.45-PM-800x960.jpg 800w, https:\/\/evitale.ca\/wp-content\/uploads\/2025\/08\/Screenshot-2026-01-31-at-9.56.45-PM-853x1024.jpg 853w, https:\/\/evitale.ca\/wp-content\/uploads\/2025\/08\/Screenshot-2026-01-31-at-9.56.45-PM.jpg 910w\" data-sizes=\"auto\" \/><\/div>\n<div class=\"wc-block-grid__product-title\">Adh\u00e9sion au spa<\/div>\n<p>\t\t\t\t<\/a><\/p>\n<div class=\"wc-block-grid__product-price price\"><span class=\"from\">\u00c0 partir de\u00a0: <\/span><span class=\"woocommerce-Price-amount amount\"><span class=\"woocommerce-Price-currencySymbol\">&#036;<\/span>89.99<\/span> <span class=\"subscription-details\"> pour 1\u00a0semaine<\/span><\/div>\n<div class=\"wp-block-button wc-block-grid__product-add-to-cart\"><a href=\"https:\/\/evitale.ca\/fr\/product\/spa-membership\/\" aria-label=\"S\u00e9lectionner les options pour &ldquo;Adh\u00e9sion au spa&rdquo;\" data-quantity=\"1\" data-product_id=\"2369\" data-product_sku=\"\" data-price=\"149.99\" rel=\"nofollow\" class=\"wp-block-button__link  add_to_cart_button\">Choix des options<\/a><\/div>\n<\/li>\n<li class=\"wc-block-grid__product\">\n\t\t\t\t<a href=\"https:\/\/evitale.ca\/fr\/product\/40-soccer-player-pass\/\" class=\"wc-block-grid__product-link\"><\/p>\n<div class=\"wc-block-grid__product-image\"><img decoding=\"async\" width=\"500\" height=\"500\" src=\"https:\/\/evitale.ca\/wp-content\/uploads\/woocommerce-placeholder.png\" class=\"woocommerce-placeholder wp-post-image lazyload\" alt=\"\" srcset=\"data:image\/svg+xml,%3Csvg%20xmlns%3D%27http%3A%2F%2Fwww.w3.org%2F2000%2Fsvg%27%20width%3D%271200%27%20height%3D%271200%27%20viewBox%3D%270%200%201200%201200%27%3E%3Crect%20width%3D%271200%27%20height%3D%271200%27%20fill-opacity%3D%220%22%2F%3E%3C%2Fsvg%3E\" data-orig-src=\"https:\/\/evitale.ca\/wp-content\/uploads\/woocommerce-placeholder.png\" data-srcset=\"https:\/\/evitale.ca\/wp-content\/uploads\/woocommerce-placeholder-66x66.png 66w, https:\/\/evitale.ca\/wp-content\/uploads\/woocommerce-placeholder-150x150.png 150w, https:\/\/evitale.ca\/wp-content\/uploads\/woocommerce-placeholder-200x200.png 200w, https:\/\/evitale.ca\/wp-content\/uploads\/woocommerce-placeholder-300x300.png 300w, https:\/\/evitale.ca\/wp-content\/uploads\/woocommerce-placeholder-400x400.png 400w, https:\/\/evitale.ca\/wp-content\/uploads\/woocommerce-placeholder-600x600.png 600w, https:\/\/evitale.ca\/wp-content\/uploads\/woocommerce-placeholder-768x768.png 768w, https:\/\/evitale.ca\/wp-content\/uploads\/woocommerce-placeholder-800x800.png 800w, https:\/\/evitale.ca\/wp-content\/uploads\/woocommerce-placeholder-1024x1024.png 1024w, https:\/\/evitale.ca\/wp-content\/uploads\/woocommerce-placeholder.png 1200w\" data-sizes=\"auto\" \/><\/div>\n<div class=\"wc-block-grid__product-title\">40$ Soccer Player Pass<\/div>\n<p>\t\t\t\t<\/a><\/p>\n<div class=\"wc-block-grid__product-price price\"><span class=\"woocommerce-Price-amount amount\"><span class=\"woocommerce-Price-currencySymbol\">&#036;<\/span>40.00<\/span><\/div>\n<div class=\"wp-block-button wc-block-grid__product-add-to-cart\"><a href=\"\/fr\/wp-json\/wp\/v2\/pages\/1864?add-to-cart=2353\" aria-label=\"Ajouter au panier\u00a0: &ldquo;40$ Soccer Player Pass&rdquo;\" data-quantity=\"1\" data-product_id=\"2353\" data-product_sku=\"\" data-price=\"40\" rel=\"nofollow\" class=\"wp-block-button__link  add_to_cart_button ajax_add_to_cart\">Ajouter au panier<\/a><\/div>\n<\/li>\n<li class=\"wc-block-grid__product\">\n\t\t\t\t<a href=\"https:\/\/evitale.ca\/fr\/product\/certificat-pass-1-jour\/\" class=\"wc-block-grid__product-link\"><\/p>\n<div class=\"wc-block-grid__product-image\"><img decoding=\"async\" width=\"500\" height=\"250\" src=\"https:\/\/evitale.ca\/wp-content\/uploads\/2025\/05\/Screenshot-2025-05-15-at-11.24.34-AM-500x250.jpg\" class=\"attachment-woocommerce_thumbnail size-woocommerce_thumbnail lazyload\" alt=\"Certificat pass 1 jour\" srcset=\"data:image\/svg+xml,%3Csvg%20xmlns%3D%27http%3A%2F%2Fwww.w3.org%2F2000%2Fsvg%27%20width%3D%271082%27%20height%3D%27540%27%20viewBox%3D%270%200%201082%20540%27%3E%3Crect%20width%3D%271082%27%20height%3D%27540%27%20fill-opacity%3D%220%22%2F%3E%3C%2Fsvg%3E\" data-orig-src=\"https:\/\/evitale.ca\/wp-content\/uploads\/2025\/05\/Screenshot-2025-05-15-at-11.24.34-AM-500x250.jpg\" data-srcset=\"https:\/\/evitale.ca\/wp-content\/uploads\/2025\/05\/Screenshot-2025-05-15-at-11.24.34-AM-200x100.jpg 200w, https:\/\/evitale.ca\/wp-content\/uploads\/2025\/05\/Screenshot-2025-05-15-at-11.24.34-AM-300x150.jpg 300w, https:\/\/evitale.ca\/wp-content\/uploads\/2025\/05\/Screenshot-2025-05-15-at-11.24.34-AM-400x200.jpg 400w, https:\/\/evitale.ca\/wp-content\/uploads\/2025\/05\/Screenshot-2025-05-15-at-11.24.34-AM-500x250.jpg 500w, https:\/\/evitale.ca\/wp-content\/uploads\/2025\/05\/Screenshot-2025-05-15-at-11.24.34-AM-600x299.jpg 600w, https:\/\/evitale.ca\/wp-content\/uploads\/2025\/05\/Screenshot-2025-05-15-at-11.24.34-AM-700x349.jpg 700w, https:\/\/evitale.ca\/wp-content\/uploads\/2025\/05\/Screenshot-2025-05-15-at-11.24.34-AM-768x383.jpg 768w, https:\/\/evitale.ca\/wp-content\/uploads\/2025\/05\/Screenshot-2025-05-15-at-11.24.34-AM-800x399.jpg 800w, https:\/\/evitale.ca\/wp-content\/uploads\/2025\/05\/Screenshot-2025-05-15-at-11.24.34-AM-1024x511.jpg 1024w, https:\/\/evitale.ca\/wp-content\/uploads\/2025\/05\/Screenshot-2025-05-15-at-11.24.34-AM.jpg 1082w\" data-sizes=\"auto\" \/><\/div>\n<div class=\"wc-block-grid__product-title\">Certificat pass 1 jour<\/div>\n<p>\t\t\t\t<\/a><\/p>\n<div class=\"wc-block-grid__product-price price\"><\/div>\n<div class=\"wp-block-button wc-block-grid__product-add-to-cart\"><a href=\"\/fr\/wp-json\/wp\/v2\/pages\/1864?add-to-cart=2049\" aria-label=\"Ajouter au panier\u00a0: &ldquo;Certificat pass 1 jour&rdquo;\" data-quantity=\"1\" data-product_id=\"2049\" data-product_sku=\"\" data-price=\"0\" rel=\"nofollow\" class=\"wp-block-button__link  add_to_cart_button ajax_add_to_cart\">Ajouter au panier<\/a><\/div>\n<\/li>\n<\/ul>\n<\/div>\n<\/div>\n<\/div>\n<\/div><\/div><\/div><\/div><\/div>\n","protected":false},"excerpt":{"rendered":"","protected":false},"author":1,"featured_media":0,"parent":0,"menu_order":0,"comment_status":"closed","ping_status":"closed","template":"100-width.php","meta":{"_acf_changed":false,"footnotes":""},"class_list":["post-1864","page","type-page","status-publish","hentry"],"acf":[],"yoast_head":"<!-- This site is optimized with the Yoast SEO plugin v27.4 - https:\/\/yoast.com\/product\/yoast-seo-wordpress\/ -->\n<title>Panier - Energie Vitale Wellness spa and recovery Montreal<\/title>\n<meta name=\"robots\" content=\"index, follow, max-snippet:-1, max-image-preview:large, max-video-preview:-1\" \/>\n<link rel=\"canonical\" href=\"https:\/\/evitale.ca\/fr\/panier\/\" \/>\n<meta property=\"og:locale\" content=\"fr_FR\" \/>\n<meta property=\"og:type\" content=\"article\" \/>\n<meta property=\"og:title\" content=\"Panier - Energie Vitale Wellness spa and recovery Montreal\" \/>\n<meta property=\"og:url\" content=\"https:\/\/evitale.ca\/fr\/panier\/\" \/>\n<meta property=\"og:site_name\" content=\"Energie Vitale\" \/>\n<meta property=\"article:modified_time\" content=\"2025-05-13T14:27:05+00:00\" \/>\n<meta property=\"og:image\" content=\"https:\/\/evitale.ca\/wp-content\/uploads\/2024\/12\/EV-black.png\" \/>\n\t<meta property=\"og:image:width\" content=\"990\" \/>\n\t<meta property=\"og:image:height\" content=\"735\" \/>\n\t<meta property=\"og:image:type\" content=\"image\/png\" \/>\n<meta name=\"twitter:card\" content=\"summary_large_image\" \/>\n<meta name=\"twitter:label1\" content=\"Dur\u00e9e de lecture estim\u00e9e\" \/>\n\t<meta name=\"twitter:data1\" content=\"1 minute\" \/>\n<script type=\"application\/ld+json\" class=\"yoast-schema-graph\">{\"@context\":\"https:\\\/\\\/schema.org\",\"@graph\":[{\"@type\":\"WebPage\",\"@id\":\"https:\\\/\\\/evitale.ca\\\/fr\\\/panier\\\/\",\"url\":\"https:\\\/\\\/evitale.ca\\\/fr\\\/panier\\\/\",\"name\":\"Panier - Energie Vitale Wellness spa and recovery Montreal\",\"isPartOf\":{\"@id\":\"https:\\\/\\\/evitale.ca\\\/fr\\\/#website\"},\"datePublished\":\"2025-04-10T17:43:45+00:00\",\"dateModified\":\"2025-05-13T14:27:05+00:00\",\"breadcrumb\":{\"@id\":\"https:\\\/\\\/evitale.ca\\\/fr\\\/panier\\\/#breadcrumb\"},\"inLanguage\":\"fr-FR\",\"potentialAction\":[{\"@type\":\"ReadAction\",\"target\":[\"https:\\\/\\\/evitale.ca\\\/fr\\\/panier\\\/\"]}]},{\"@type\":\"BreadcrumbList\",\"@id\":\"https:\\\/\\\/evitale.ca\\\/fr\\\/panier\\\/#breadcrumb\",\"itemListElement\":[{\"@type\":\"ListItem\",\"position\":1,\"name\":\"Home\",\"item\":\"https:\\\/\\\/evitale.ca\\\/fr\\\/\"},{\"@type\":\"ListItem\",\"position\":2,\"name\":\"Panier\"}]},{\"@type\":\"WebSite\",\"@id\":\"https:\\\/\\\/evitale.ca\\\/fr\\\/#website\",\"url\":\"https:\\\/\\\/evitale.ca\\\/fr\\\/\",\"name\":\"Energie Vitale\",\"description\":\"Wellness spa and recovery Montreal\",\"potentialAction\":[{\"@type\":\"SearchAction\",\"target\":{\"@type\":\"EntryPoint\",\"urlTemplate\":\"https:\\\/\\\/evitale.ca\\\/fr\\\/?s={search_term_string}\"},\"query-input\":{\"@type\":\"PropertyValueSpecification\",\"valueRequired\":true,\"valueName\":\"search_term_string\"}}],\"inLanguage\":\"fr-FR\"}]}<\/script>\n<!-- \/ Yoast SEO plugin. -->","yoast_head_json":{"title":"Panier - Energie Vitale Wellness spa and recovery Montreal","robots":{"index":"index","follow":"follow","max-snippet":"max-snippet:-1","max-image-preview":"max-image-preview:large","max-video-preview":"max-video-preview:-1"},"canonical":"https:\/\/evitale.ca\/fr\/panier\/","og_locale":"fr_FR","og_type":"article","og_title":"Panier - Energie Vitale Wellness spa and recovery Montreal","og_url":"https:\/\/evitale.ca\/fr\/panier\/","og_site_name":"Energie Vitale","article_modified_time":"2025-05-13T14:27:05+00:00","og_image":[{"width":990,"height":735,"url":"https:\/\/evitale.ca\/wp-content\/uploads\/2024\/12\/EV-black.png","type":"image\/png"}],"twitter_card":"summary_large_image","twitter_misc":{"Dur\u00e9e de lecture estim\u00e9e":"1 minute"},"schema":{"@context":"https:\/\/schema.org","@graph":[{"@type":"WebPage","@id":"https:\/\/evitale.ca\/fr\/panier\/","url":"https:\/\/evitale.ca\/fr\/panier\/","name":"Panier - Energie Vitale Wellness spa and recovery Montreal","isPartOf":{"@id":"https:\/\/evitale.ca\/fr\/#website"},"datePublished":"2025-04-10T17:43:45+00:00","dateModified":"2025-05-13T14:27:05+00:00","breadcrumb":{"@id":"https:\/\/evitale.ca\/fr\/panier\/#breadcrumb"},"inLanguage":"fr-FR","potentialAction":[{"@type":"ReadAction","target":["https:\/\/evitale.ca\/fr\/panier\/"]}]},{"@type":"BreadcrumbList","@id":"https:\/\/evitale.ca\/fr\/panier\/#breadcrumb","itemListElement":[{"@type":"ListItem","position":1,"name":"Home","item":"https:\/\/evitale.ca\/fr\/"},{"@type":"ListItem","position":2,"name":"Panier"}]},{"@type":"WebSite","@id":"https:\/\/evitale.ca\/fr\/#website","url":"https:\/\/evitale.ca\/fr\/","name":"Energie Vitale","description":"Wellness spa and recovery Montreal","potentialAction":[{"@type":"SearchAction","target":{"@type":"EntryPoint","urlTemplate":"https:\/\/evitale.ca\/fr\/?s={search_term_string}"},"query-input":{"@type":"PropertyValueSpecification","valueRequired":true,"valueName":"search_term_string"}}],"inLanguage":"fr-FR"}]}},"_links":{"self":[{"href":"https:\/\/evitale.ca\/fr\/wp-json\/wp\/v2\/pages\/1864","targetHints":{"allow":["GET"]}}],"collection":[{"href":"https:\/\/evitale.ca\/fr\/wp-json\/wp\/v2\/pages"}],"about":[{"href":"https:\/\/evitale.ca\/fr\/wp-json\/wp\/v2\/types\/page"}],"author":[{"embeddable":true,"href":"https:\/\/evitale.ca\/fr\/wp-json\/wp\/v2\/users\/1"}],"replies":[{"embeddable":true,"href":"https:\/\/evitale.ca\/fr\/wp-json\/wp\/v2\/comments?post=1864"}],"version-history":[{"count":2,"href":"https:\/\/evitale.ca\/fr\/wp-json\/wp\/v2\/pages\/1864\/revisions"}],"predecessor-version":[{"id":2016,"href":"https:\/\/evitale.ca\/fr\/wp-json\/wp\/v2\/pages\/1864\/revisions\/2016"}],"wp:attachment":[{"href":"https:\/\/evitale.ca\/fr\/wp-json\/wp\/v2\/media?parent=1864"}],"curies":[{"name":"wp","href":"https:\/\/api.w.org\/{rel}","templated":true}]}}