{"id":2057,"date":"2025-05-16T15:27:58","date_gmt":"2025-05-16T15:27:58","guid":{"rendered":"https:\/\/evitale.ca\/certificats-cadeaux\/"},"modified":"2025-05-16T15:29:12","modified_gmt":"2025-05-16T15:29:12","slug":"certificats-cadeaux","status":"publish","type":"page","link":"https:\/\/evitale.ca\/fr\/certificats-cadeaux\/","title":{"rendered":"Certificats cadeaux"},"content":{"rendered":"<p><div class=\"fusion-fullwidth fullwidth-box fusion-builder-row-1 fusion-flex-container has-pattern-background has-mask-background fusion-parallax-fixed nonhundred-percent-fullwidth non-hundred-percent-height-scrolling lazyload\" style=\"--awb-background-position:center top;--awb-background-blend-mode:overlay;--awb-border-radius-top-left:0px;--awb-border-radius-top-right:0px;--awb-border-radius-bottom-right:0px;--awb-border-radius-bottom-left:0px;--awb-min-height:300px;--awb-background-color:rgba(5,5,5,0.32);--awb-background-size:contain;--awb-flex-wrap:wrap;background-attachment:fixed;\" data-bg=\"https:\/\/evitale.ca\/wp-content\/uploads\/2024\/12\/Screenshot-2024-12-03-at-12.58.09-PM-1-scaled.jpg\" ><div class=\"fusion-builder-row fusion-row fusion-flex-align-items-flex-end fusion-flex-content-wrap\" style=\"max-width:1248px;margin-left: calc(-4% \/ 2 );margin-right: calc(-4% \/ 2 );\"><div class=\"fusion-layout-column fusion_builder_column fusion-builder-column-0 fusion_builder_column_3_4 3_4 fusion-flex-column\" style=\"--awb-bg-size:cover;--awb-width-large:75%;--awb-margin-top-large:0px;--awb-spacing-right-large:2.56%;--awb-margin-bottom-large:20px;--awb-spacing-left-large:2.56%;--awb-width-medium:75%;--awb-order-medium:0;--awb-spacing-right-medium:2.56%;--awb-spacing-left-medium:2.56%;--awb-width-small:100%;--awb-order-small:0;--awb-spacing-right-small:1.92%;--awb-spacing-left-small:1.92%;\"><div class=\"fusion-column-wrapper fusion-column-has-shadow fusion-flex-justify-content-flex-start fusion-content-layout-column\"><div class=\"fusion-title title fusion-title-1 fusion-sep-none fusion-title-text fusion-title-size-one\" style=\"--awb-text-color:var(--awb-color1);--awb-margin-top-small:10px;--awb-margin-right-small:0px;--awb-margin-bottom-small:10px;--awb-margin-left-small:0px;--awb-font-size:30px;\"><h1 class=\"fusion-title-heading title-heading-left\" style=\"margin:0;font-size:1em;\">Offrez le cadeau d&#8217;une r\u00e9cup\u00e9ration et d&#8217;une revitalisation ultimes<\/h1><\/div><div class=\"fusion-text fusion-text-1\" style=\"--awb-font-size:18px;--awb-text-color:var(--awb-color1);\"><p data-sourcepos=\"7:1-7:305\">Vous cherchez le cadeau id\u00e9al qui fait vraiment la diff\u00e9rence ? Un certificat-cadeau \u00c9nergie Vitale Spa est une invitation \u00e0 la d\u00e9tente, \u00e0 la r\u00e9cup\u00e9ration et au ressourcement. Que ce soit pour un \u00eatre cher, un coll\u00e8gue ou pour vous-m\u00eame, nos certificats vous offrent une \u00e9vasion sur mesure vers un bien-\u00eatre profond et une r\u00e9cup\u00e9ration du corps.  <\/p>\n<\/div><\/div><\/div><\/div><\/div><div class=\"fusion-fullwidth fullwidth-box fusion-builder-row-2 fusion-flex-container has-pattern-background has-mask-background nonhundred-percent-fullwidth non-hundred-percent-height-scrolling\" style=\"--awb-border-radius-top-left:0px;--awb-border-radius-top-right:0px;--awb-border-radius-bottom-right:0px;--awb-border-radius-bottom-left:0px;--awb-padding-top:29px;--awb-padding-bottom:35px;--awb-flex-wrap:wrap;\" ><div class=\"fusion-builder-row fusion-row fusion-flex-align-items-flex-start fusion-flex-content-wrap\" style=\"max-width:1248px;margin-left: calc(-4% \/ 2 );margin-right: calc(-4% \/ 2 );\"><div class=\"fusion-layout-column fusion_builder_column fusion-builder-column-1 fusion_builder_column_1_1 1_1 fusion-flex-column\" style=\"--awb-bg-size:cover;--awb-width-large:100%;--awb-margin-top-large:0px;--awb-spacing-right-large:1.92%;--awb-margin-bottom-large:0px;--awb-spacing-left-large:1.92%;--awb-width-medium:100%;--awb-order-medium:0;--awb-spacing-right-medium:1.92%;--awb-spacing-left-medium:1.92%;--awb-width-small:100%;--awb-order-small:0;--awb-spacing-right-small:1.92%;--awb-spacing-left-small:1.92%;\"><div class=\"fusion-column-wrapper fusion-column-has-shadow fusion-flex-justify-content-flex-start fusion-content-layout-column\"><div class=\"fusion-woo-product-grid fusion-product-archive fusion-woo-product-grid-1 hide-rating\" style=\"--awb-grid-box-color:var(--awb-color1);\"><ul class=\"products products-3\"><li class=\"product type-product post-2046 status-publish first instock product_cat-gift-cards-fr has-post-thumbnail taxable shipping-taxable purchasable product-type-simple product-grid-view\">\n\t<div class=\"fusion-product-wrapper\">\n<a href=\"https:\/\/evitale.ca\/fr\/product\/cheque-cadeau-de-50\/\" class=\"product-images\" aria-label=\"Ch\u00e8que-cadeau de 50$\">\n\n<div class=\"featured-image\">\n\t\t<img decoding=\"async\" width=\"500\" height=\"248\" src=\"https:\/\/evitale.ca\/wp-content\/uploads\/2025\/05\/Screenshot-2025-05-13-at-2.48.01-PM-500x248.jpg\" class=\"attachment-woocommerce_thumbnail size-woocommerce_thumbnail lazyload wp-post-image\" alt=\"\" srcset=\"data:image\/svg+xml,%3Csvg%20xmlns%3D%27http%3A%2F%2Fwww.w3.org%2F2000%2Fsvg%27%20width%3D%271562%27%20height%3D%27776%27%20viewBox%3D%270%200%201562%20776%27%3E%3Crect%20width%3D%271562%27%20height%3D%27776%27%20fill-opacity%3D%220%22%2F%3E%3C%2Fsvg%3E\" data-orig-src=\"https:\/\/evitale.ca\/wp-content\/uploads\/2025\/05\/Screenshot-2025-05-13-at-2.48.01-PM-500x248.jpg\" data-srcset=\"https:\/\/evitale.ca\/wp-content\/uploads\/2025\/05\/Screenshot-2025-05-13-at-2.48.01-PM-200x99.jpg 200w, https:\/\/evitale.ca\/wp-content\/uploads\/2025\/05\/Screenshot-2025-05-13-at-2.48.01-PM-300x149.jpg 300w, https:\/\/evitale.ca\/wp-content\/uploads\/2025\/05\/Screenshot-2025-05-13-at-2.48.01-PM-400x199.jpg 400w, https:\/\/evitale.ca\/wp-content\/uploads\/2025\/05\/Screenshot-2025-05-13-at-2.48.01-PM-500x248.jpg 500w, https:\/\/evitale.ca\/wp-content\/uploads\/2025\/05\/Screenshot-2025-05-13-at-2.48.01-PM-600x298.jpg 600w, https:\/\/evitale.ca\/wp-content\/uploads\/2025\/05\/Screenshot-2025-05-13-at-2.48.01-PM-700x348.jpg 700w, https:\/\/evitale.ca\/wp-content\/uploads\/2025\/05\/Screenshot-2025-05-13-at-2.48.01-PM-768x382.jpg 768w, https:\/\/evitale.ca\/wp-content\/uploads\/2025\/05\/Screenshot-2025-05-13-at-2.48.01-PM-800x397.jpg 800w, https:\/\/evitale.ca\/wp-content\/uploads\/2025\/05\/Screenshot-2025-05-13-at-2.48.01-PM-1024x509.jpg 1024w, https:\/\/evitale.ca\/wp-content\/uploads\/2025\/05\/Screenshot-2025-05-13-at-2.48.01-PM-1200x596.jpg 1200w, https:\/\/evitale.ca\/wp-content\/uploads\/2025\/05\/Screenshot-2025-05-13-at-2.48.01-PM-1536x763.jpg 1536w, https:\/\/evitale.ca\/wp-content\/uploads\/2025\/05\/Screenshot-2025-05-13-at-2.48.01-PM.jpg 1562w\" data-sizes=\"auto\" \/>\n\t\t\t\t\t\t<div class=\"cart-loading\"><i class=\"awb-icon-spinner\" aria-hidden=\"true\"><\/i><\/div>\n\t\t\t<\/div>\n<\/a>\n<div class=\"fusion-product-content\">\n\t<div class=\"product-details\">\n\t\t<div class=\"product-details-container\">\n<h3 class=\"product-title\">\n\t<a href=\"https:\/\/evitale.ca\/fr\/product\/cheque-cadeau-de-50\/\">\n\t\tCh\u00e8que-cadeau de 50$\t<\/a>\n<\/h3>\n<div class=\"fusion-price-rating\">\n\n\t\t<\/div>\n\t<\/div>\n<\/div>\n\n\n\t<div class=\"product-buttons\">\n\t\t<div class=\"fusion-content-sep sep-none\"><\/div>\n\t\t<div class=\"product-buttons-container clearfix\">\n<a href=\"\/fr\/wp-json\/wp\/v2\/pages\/2057?add-to-cart=2046\" aria-describedby=\"woocommerce_loop_add_to_cart_link_describedby_2046\" data-quantity=\"1\" class=\"button product_type_simple add_to_cart_button ajax_add_to_cart\" data-product_id=\"2046\" data-product_sku=\"\" aria-label=\"Ajouter au panier\u00a0: &ldquo;Ch\u00e8que-cadeau de 50$&rdquo;\" rel=\"nofollow\">Ajouter au panier<\/a>\t<span id=\"woocommerce_loop_add_to_cart_link_describedby_2046\" class=\"screen-reader-text\">\n\t\t\t<\/span>\n\n<a href=\"https:\/\/evitale.ca\/fr\/product\/cheque-cadeau-de-50\/\" class=\"show_details_button fusion-has-quick-view\">\n\tDetails<\/a>\n\n\t<a href=\"#fusion-quick-view\" class=\"fusion-quick-view\" data-product-id=\"2046\">\n\t\tQuick View\t<\/a>\n\n\t<\/div>\n\t<\/div>\n\n\t<\/div> <\/div>\n<\/li>\n<li class=\"product type-product post-2050 status-publish instock product_cat-gift-cards-fr has-post-thumbnail taxable shipping-taxable purchasable product-type-simple product-grid-view\">\n\t<div class=\"fusion-product-wrapper\">\n<a href=\"https:\/\/evitale.ca\/fr\/product\/cheque-cadeau-de-100\/\" class=\"product-images\" aria-label=\"Ch\u00e8que-cadeau de 100$\">\n\n<div class=\"featured-image\">\n\t\t<img decoding=\"async\" width=\"500\" height=\"251\" src=\"https:\/\/evitale.ca\/wp-content\/uploads\/2025\/05\/Screenshot-2025-05-13-at-2.47.49-PM-500x251.jpg\" class=\"attachment-woocommerce_thumbnail size-woocommerce_thumbnail lazyload wp-post-image\" alt=\"\" srcset=\"data:image\/svg+xml,%3Csvg%20xmlns%3D%27http%3A%2F%2Fwww.w3.org%2F2000%2Fsvg%27%20width%3D%271564%27%20height%3D%27784%27%20viewBox%3D%270%200%201564%20784%27%3E%3Crect%20width%3D%271564%27%20height%3D%27784%27%20fill-opacity%3D%220%22%2F%3E%3C%2Fsvg%3E\" data-orig-src=\"https:\/\/evitale.ca\/wp-content\/uploads\/2025\/05\/Screenshot-2025-05-13-at-2.47.49-PM-500x251.jpg\" data-srcset=\"https:\/\/evitale.ca\/wp-content\/uploads\/2025\/05\/Screenshot-2025-05-13-at-2.47.49-PM-200x100.jpg 200w, https:\/\/evitale.ca\/wp-content\/uploads\/2025\/05\/Screenshot-2025-05-13-at-2.47.49-PM-300x150.jpg 300w, https:\/\/evitale.ca\/wp-content\/uploads\/2025\/05\/Screenshot-2025-05-13-at-2.47.49-PM-400x201.jpg 400w, https:\/\/evitale.ca\/wp-content\/uploads\/2025\/05\/Screenshot-2025-05-13-at-2.47.49-PM-500x251.jpg 500w, https:\/\/evitale.ca\/wp-content\/uploads\/2025\/05\/Screenshot-2025-05-13-at-2.47.49-PM-540x272.jpg 540w, https:\/\/evitale.ca\/wp-content\/uploads\/2025\/05\/Screenshot-2025-05-13-at-2.47.49-PM-600x301.jpg 600w, https:\/\/evitale.ca\/wp-content\/uploads\/2025\/05\/Screenshot-2025-05-13-at-2.47.49-PM-700x351.jpg 700w, https:\/\/evitale.ca\/wp-content\/uploads\/2025\/05\/Screenshot-2025-05-13-at-2.47.49-PM-768x385.jpg 768w, https:\/\/evitale.ca\/wp-content\/uploads\/2025\/05\/Screenshot-2025-05-13-at-2.47.49-PM-800x401.jpg 800w, https:\/\/evitale.ca\/wp-content\/uploads\/2025\/05\/Screenshot-2025-05-13-at-2.47.49-PM-1024x513.jpg 1024w, https:\/\/evitale.ca\/wp-content\/uploads\/2025\/05\/Screenshot-2025-05-13-at-2.47.49-PM-1200x602.jpg 1200w, https:\/\/evitale.ca\/wp-content\/uploads\/2025\/05\/Screenshot-2025-05-13-at-2.47.49-PM-1536x770.jpg 1536w, https:\/\/evitale.ca\/wp-content\/uploads\/2025\/05\/Screenshot-2025-05-13-at-2.47.49-PM.jpg 1564w\" data-sizes=\"auto\" \/>\n\t\t\t\t\t\t<div class=\"cart-loading\"><i class=\"awb-icon-spinner\" aria-hidden=\"true\"><\/i><\/div>\n\t\t\t<\/div>\n<\/a>\n<div class=\"fusion-product-content\">\n\t<div class=\"product-details\">\n\t\t<div class=\"product-details-container\">\n<h3 class=\"product-title\">\n\t<a href=\"https:\/\/evitale.ca\/fr\/product\/cheque-cadeau-de-100\/\">\n\t\tCh\u00e8que-cadeau de 100$\t<\/a>\n<\/h3>\n<div class=\"fusion-price-rating\">\n\n\t\t<\/div>\n\t<\/div>\n<\/div>\n\n\n\t<div class=\"product-buttons\">\n\t\t<div class=\"fusion-content-sep sep-none\"><\/div>\n\t\t<div class=\"product-buttons-container clearfix\">\n<a href=\"\/fr\/wp-json\/wp\/v2\/pages\/2057?add-to-cart=2050\" aria-describedby=\"woocommerce_loop_add_to_cart_link_describedby_2050\" data-quantity=\"1\" class=\"button product_type_simple add_to_cart_button ajax_add_to_cart\" data-product_id=\"2050\" data-product_sku=\"\" aria-label=\"Ajouter au panier\u00a0: &ldquo;Ch\u00e8que-cadeau de 100$&rdquo;\" rel=\"nofollow\">Ajouter au panier<\/a>\t<span id=\"woocommerce_loop_add_to_cart_link_describedby_2050\" class=\"screen-reader-text\">\n\t\t\t<\/span>\n\n<a href=\"https:\/\/evitale.ca\/fr\/product\/cheque-cadeau-de-100\/\" class=\"show_details_button fusion-has-quick-view\">\n\tDetails<\/a>\n\n\t<a href=\"#fusion-quick-view\" class=\"fusion-quick-view\" data-product-id=\"2050\">\n\t\tQuick View\t<\/a>\n\n\t<\/div>\n\t<\/div>\n\n\t<\/div> <\/div>\n<\/li>\n<li class=\"product type-product post-2049 status-publish last instock product_cat-gift-cards-fr has-post-thumbnail taxable shipping-taxable purchasable product-type-simple product-grid-view\">\n\t<div class=\"fusion-product-wrapper\">\n<a href=\"https:\/\/evitale.ca\/fr\/product\/certificat-pass-1-jour\/\" class=\"product-images\" aria-label=\"Certificat pass 1 jour\">\n\n<div class=\"featured-image\">\n\t\t<img decoding=\"async\" width=\"500\" height=\"250\" src=\"https:\/\/evitale.ca\/wp-content\/uploads\/2025\/05\/Screenshot-2025-05-15-at-11.24.34-AM-500x250.jpg\" class=\"attachment-woocommerce_thumbnail size-woocommerce_thumbnail lazyload wp-post-image\" alt=\"\" srcset=\"data:image\/svg+xml,%3Csvg%20xmlns%3D%27http%3A%2F%2Fwww.w3.org%2F2000%2Fsvg%27%20width%3D%271082%27%20height%3D%27540%27%20viewBox%3D%270%200%201082%20540%27%3E%3Crect%20width%3D%271082%27%20height%3D%27540%27%20fill-opacity%3D%220%22%2F%3E%3C%2Fsvg%3E\" data-orig-src=\"https:\/\/evitale.ca\/wp-content\/uploads\/2025\/05\/Screenshot-2025-05-15-at-11.24.34-AM-500x250.jpg\" data-srcset=\"https:\/\/evitale.ca\/wp-content\/uploads\/2025\/05\/Screenshot-2025-05-15-at-11.24.34-AM-200x100.jpg 200w, https:\/\/evitale.ca\/wp-content\/uploads\/2025\/05\/Screenshot-2025-05-15-at-11.24.34-AM-300x150.jpg 300w, https:\/\/evitale.ca\/wp-content\/uploads\/2025\/05\/Screenshot-2025-05-15-at-11.24.34-AM-400x200.jpg 400w, https:\/\/evitale.ca\/wp-content\/uploads\/2025\/05\/Screenshot-2025-05-15-at-11.24.34-AM-500x250.jpg 500w, https:\/\/evitale.ca\/wp-content\/uploads\/2025\/05\/Screenshot-2025-05-15-at-11.24.34-AM-600x299.jpg 600w, https:\/\/evitale.ca\/wp-content\/uploads\/2025\/05\/Screenshot-2025-05-15-at-11.24.34-AM-700x349.jpg 700w, https:\/\/evitale.ca\/wp-content\/uploads\/2025\/05\/Screenshot-2025-05-15-at-11.24.34-AM-768x383.jpg 768w, https:\/\/evitale.ca\/wp-content\/uploads\/2025\/05\/Screenshot-2025-05-15-at-11.24.34-AM-800x399.jpg 800w, https:\/\/evitale.ca\/wp-content\/uploads\/2025\/05\/Screenshot-2025-05-15-at-11.24.34-AM-1024x511.jpg 1024w, https:\/\/evitale.ca\/wp-content\/uploads\/2025\/05\/Screenshot-2025-05-15-at-11.24.34-AM.jpg 1082w\" data-sizes=\"auto\" \/>\n\t\t\t\t\t\t<div class=\"cart-loading\"><i class=\"awb-icon-spinner\" aria-hidden=\"true\"><\/i><\/div>\n\t\t\t<\/div>\n<\/a>\n<div class=\"fusion-product-content\">\n\t<div class=\"product-details\">\n\t\t<div class=\"product-details-container\">\n<h3 class=\"product-title\">\n\t<a href=\"https:\/\/evitale.ca\/fr\/product\/certificat-pass-1-jour\/\">\n\t\tCertificat pass 1 jour\t<\/a>\n<\/h3>\n<div class=\"fusion-price-rating\">\n\n\t\t<\/div>\n\t<\/div>\n<\/div>\n\n\n\t<div class=\"product-buttons\">\n\t\t<div class=\"fusion-content-sep sep-none\"><\/div>\n\t\t<div class=\"product-buttons-container clearfix\">\n<a href=\"\/fr\/wp-json\/wp\/v2\/pages\/2057?add-to-cart=2049\" aria-describedby=\"woocommerce_loop_add_to_cart_link_describedby_2049\" data-quantity=\"1\" class=\"button product_type_simple add_to_cart_button ajax_add_to_cart\" data-product_id=\"2049\" data-product_sku=\"\" aria-label=\"Ajouter au panier\u00a0: &ldquo;Certificat pass 1 jour&rdquo;\" rel=\"nofollow\">Ajouter au panier<\/a>\t<span id=\"woocommerce_loop_add_to_cart_link_describedby_2049\" class=\"screen-reader-text\">\n\t\t\t<\/span>\n\n<a href=\"https:\/\/evitale.ca\/fr\/product\/certificat-pass-1-jour\/\" class=\"show_details_button fusion-has-quick-view\">\n\tDetails<\/a>\n\n\t<a href=\"#fusion-quick-view\" class=\"fusion-quick-view\" data-product-id=\"2049\">\n\t\tQuick View\t<\/a>\n\n\t<\/div>\n\t<\/div>\n\n\t<\/div> <\/div>\n<\/li>\n<\/ul><div class=\"fusion-woo-product-grid-pagination fusion-clearfix\"><\/div><\/div><\/div><\/div><\/div><\/div><\/p>\n","protected":false},"excerpt":{"rendered":"","protected":false},"author":1,"featured_media":0,"parent":0,"menu_order":0,"comment_status":"closed","ping_status":"closed","template":"100-width.php","meta":{"_acf_changed":false,"footnotes":""},"class_list":["post-2057","page","type-page","status-publish","hentry"],"acf":[],"yoast_head":"<!-- This site is optimized with the Yoast SEO plugin v27.4 - https:\/\/yoast.com\/product\/yoast-seo-wordpress\/ -->\n<title>Certificats cadeaux - Energie Vitale Wellness spa and recovery Montreal<\/title>\n<meta name=\"robots\" content=\"index, follow, max-snippet:-1, max-image-preview:large, max-video-preview:-1\" \/>\n<link rel=\"canonical\" href=\"https:\/\/evitale.ca\/fr\/certificats-cadeaux\/\" \/>\n<meta property=\"og:locale\" content=\"fr_FR\" \/>\n<meta property=\"og:type\" content=\"article\" \/>\n<meta property=\"og:title\" content=\"Certificats cadeaux - Energie Vitale Wellness spa and recovery Montreal\" \/>\n<meta property=\"og:url\" content=\"https:\/\/evitale.ca\/fr\/certificats-cadeaux\/\" \/>\n<meta property=\"og:site_name\" content=\"Energie Vitale\" \/>\n<meta property=\"article:modified_time\" content=\"2025-05-16T15:29:12+00:00\" \/>\n<meta property=\"og:image\" content=\"https:\/\/evitale.ca\/wp-content\/uploads\/2024\/12\/EV-black.png\" \/>\n\t<meta property=\"og:image:width\" content=\"990\" \/>\n\t<meta property=\"og:image:height\" content=\"735\" \/>\n\t<meta property=\"og:image:type\" content=\"image\/png\" \/>\n<meta name=\"twitter:card\" content=\"summary_large_image\" \/>\n<meta name=\"twitter:label1\" content=\"Dur\u00e9e de lecture estim\u00e9e\" \/>\n\t<meta name=\"twitter:data1\" content=\"9 minutes\" \/>\n<script type=\"application\/ld+json\" class=\"yoast-schema-graph\">{\"@context\":\"https:\\\/\\\/schema.org\",\"@graph\":[{\"@type\":\"WebPage\",\"@id\":\"https:\\\/\\\/evitale.ca\\\/fr\\\/certificats-cadeaux\\\/\",\"url\":\"https:\\\/\\\/evitale.ca\\\/fr\\\/certificats-cadeaux\\\/\",\"name\":\"Certificats cadeaux - Energie Vitale Wellness spa and recovery Montreal\",\"isPartOf\":{\"@id\":\"https:\\\/\\\/evitale.ca\\\/fr\\\/#website\"},\"datePublished\":\"2025-05-16T15:27:58+00:00\",\"dateModified\":\"2025-05-16T15:29:12+00:00\",\"breadcrumb\":{\"@id\":\"https:\\\/\\\/evitale.ca\\\/fr\\\/certificats-cadeaux\\\/#breadcrumb\"},\"inLanguage\":\"fr-FR\",\"potentialAction\":[{\"@type\":\"ReadAction\",\"target\":[\"https:\\\/\\\/evitale.ca\\\/fr\\\/certificats-cadeaux\\\/\"]}]},{\"@type\":\"BreadcrumbList\",\"@id\":\"https:\\\/\\\/evitale.ca\\\/fr\\\/certificats-cadeaux\\\/#breadcrumb\",\"itemListElement\":[{\"@type\":\"ListItem\",\"position\":1,\"name\":\"Home\",\"item\":\"https:\\\/\\\/evitale.ca\\\/fr\\\/\"},{\"@type\":\"ListItem\",\"position\":2,\"name\":\"Certificats cadeaux\"}]},{\"@type\":\"WebSite\",\"@id\":\"https:\\\/\\\/evitale.ca\\\/fr\\\/#website\",\"url\":\"https:\\\/\\\/evitale.ca\\\/fr\\\/\",\"name\":\"Energie Vitale\",\"description\":\"Wellness spa and recovery Montreal\",\"potentialAction\":[{\"@type\":\"SearchAction\",\"target\":{\"@type\":\"EntryPoint\",\"urlTemplate\":\"https:\\\/\\\/evitale.ca\\\/fr\\\/?s={search_term_string}\"},\"query-input\":{\"@type\":\"PropertyValueSpecification\",\"valueRequired\":true,\"valueName\":\"search_term_string\"}}],\"inLanguage\":\"fr-FR\"}]}<\/script>\n<!-- \/ Yoast SEO plugin. -->","yoast_head_json":{"title":"Certificats cadeaux - Energie Vitale Wellness spa and recovery Montreal","robots":{"index":"index","follow":"follow","max-snippet":"max-snippet:-1","max-image-preview":"max-image-preview:large","max-video-preview":"max-video-preview:-1"},"canonical":"https:\/\/evitale.ca\/fr\/certificats-cadeaux\/","og_locale":"fr_FR","og_type":"article","og_title":"Certificats cadeaux - Energie Vitale Wellness spa and recovery Montreal","og_url":"https:\/\/evitale.ca\/fr\/certificats-cadeaux\/","og_site_name":"Energie Vitale","article_modified_time":"2025-05-16T15:29:12+00:00","og_image":[{"width":990,"height":735,"url":"https:\/\/evitale.ca\/wp-content\/uploads\/2024\/12\/EV-black.png","type":"image\/png"}],"twitter_card":"summary_large_image","twitter_misc":{"Dur\u00e9e de lecture estim\u00e9e":"9 minutes"},"schema":{"@context":"https:\/\/schema.org","@graph":[{"@type":"WebPage","@id":"https:\/\/evitale.ca\/fr\/certificats-cadeaux\/","url":"https:\/\/evitale.ca\/fr\/certificats-cadeaux\/","name":"Certificats cadeaux - Energie Vitale Wellness spa and recovery Montreal","isPartOf":{"@id":"https:\/\/evitale.ca\/fr\/#website"},"datePublished":"2025-05-16T15:27:58+00:00","dateModified":"2025-05-16T15:29:12+00:00","breadcrumb":{"@id":"https:\/\/evitale.ca\/fr\/certificats-cadeaux\/#breadcrumb"},"inLanguage":"fr-FR","potentialAction":[{"@type":"ReadAction","target":["https:\/\/evitale.ca\/fr\/certificats-cadeaux\/"]}]},{"@type":"BreadcrumbList","@id":"https:\/\/evitale.ca\/fr\/certificats-cadeaux\/#breadcrumb","itemListElement":[{"@type":"ListItem","position":1,"name":"Home","item":"https:\/\/evitale.ca\/fr\/"},{"@type":"ListItem","position":2,"name":"Certificats cadeaux"}]},{"@type":"WebSite","@id":"https:\/\/evitale.ca\/fr\/#website","url":"https:\/\/evitale.ca\/fr\/","name":"Energie Vitale","description":"Wellness spa and recovery Montreal","potentialAction":[{"@type":"SearchAction","target":{"@type":"EntryPoint","urlTemplate":"https:\/\/evitale.ca\/fr\/?s={search_term_string}"},"query-input":{"@type":"PropertyValueSpecification","valueRequired":true,"valueName":"search_term_string"}}],"inLanguage":"fr-FR"}]}},"_links":{"self":[{"href":"https:\/\/evitale.ca\/fr\/wp-json\/wp\/v2\/pages\/2057","targetHints":{"allow":["GET"]}}],"collection":[{"href":"https:\/\/evitale.ca\/fr\/wp-json\/wp\/v2\/pages"}],"about":[{"href":"https:\/\/evitale.ca\/fr\/wp-json\/wp\/v2\/types\/page"}],"author":[{"embeddable":true,"href":"https:\/\/evitale.ca\/fr\/wp-json\/wp\/v2\/users\/1"}],"replies":[{"embeddable":true,"href":"https:\/\/evitale.ca\/fr\/wp-json\/wp\/v2\/comments?post=2057"}],"version-history":[{"count":2,"href":"https:\/\/evitale.ca\/fr\/wp-json\/wp\/v2\/pages\/2057\/revisions"}],"predecessor-version":[{"id":2059,"href":"https:\/\/evitale.ca\/fr\/wp-json\/wp\/v2\/pages\/2057\/revisions\/2059"}],"wp:attachment":[{"href":"https:\/\/evitale.ca\/fr\/wp-json\/wp\/v2\/media?parent=2057"}],"curies":[{"name":"wp","href":"https:\/\/api.w.org\/{rel}","templated":true}]}}