{"id":2050,"date":"2025-05-16T15:04:45","date_gmt":"2025-05-16T15:04:45","guid":{"rendered":"https:\/\/evitale.ca\/product\/cheque-cadeau-de-100\/"},"modified":"2025-05-16T15:17:43","modified_gmt":"2025-05-16T15:17:43","slug":"cheque-cadeau-de-100","status":"publish","type":"product","link":"https:\/\/evitale.ca\/fr\/product\/cheque-cadeau-de-100\/","title":{"rendered":"Ch\u00e8que-cadeau de 100$"},"content":{"rendered":"","protected":false},"excerpt":{"rendered":"<p>Am\u00e9liorez leur bien-\u00eatre avec une carte-cadeau de 100 $ du spa \u00c9nergie Vitale ! Cadeau ultime de r\u00e9cup\u00e9ration corporelle et de relaxation profonde, cette carte offre un voyage immersif pour r\u00e9tablir l&#8217;\u00e9quilibre et la vitalit\u00e9. Aidez-les \u00e0 s&#8217;apaiser profond\u00e9ment, \u00e0 rajeunir compl\u00e8tement et \u00e0 red\u00e9couvrir leur force int\u00e9rieure.<\/p>\n","protected":false},"featured_media":2032,"template":"","meta":{"_acf_changed":false},"product_brand":[],"product_cat":[84],"product_tag":[],"giftcard-category":[],"class_list":{"0":"post-2050","1":"product","2":"type-product","3":"status-publish","4":"has-post-thumbnail","6":"product_cat-gift-cards-fr","8":"first","9":"instock","10":"taxable","11":"shipping-taxable","12":"purchasable","13":"product-type-simple"},"booking_location":null,"booking_location_type":null,"booking_duration":null,"booking_duration_unit":null,"booking_buffer":null,"booking_cost":null,"booking_resources":null,"acf":[],"yoast_head":"<!-- This site is optimized with the Yoast SEO plugin v27.4 - https:\/\/yoast.com\/product\/yoast-seo-wordpress\/ -->\n<title>Ch\u00e8que-cadeau de 100$ - Energie Vitale<\/title>\n<meta name=\"robots\" content=\"index, follow, max-snippet:-1, max-image-preview:large, max-video-preview:-1\" \/>\n<link rel=\"canonical\" href=\"https:\/\/evitale.ca\/fr\/product\/cheque-cadeau-de-100\/\" \/>\n<meta property=\"og:locale\" content=\"fr_FR\" \/>\n<meta property=\"og:type\" content=\"article\" \/>\n<meta property=\"og:title\" content=\"Ch\u00e8que-cadeau de 100$ - Energie Vitale\" \/>\n<meta property=\"og:description\" content=\"Am\u00e9liorez leur bien-\u00eatre avec une carte-cadeau de 100 $ du spa \u00c9nergie Vitale ! Cadeau ultime de r\u00e9cup\u00e9ration corporelle et de relaxation profonde, cette carte offre un voyage immersif pour r\u00e9tablir l&#039;\u00e9quilibre et la vitalit\u00e9. Aidez-les \u00e0 s&#039;apaiser profond\u00e9ment, \u00e0 rajeunir compl\u00e8tement et \u00e0 red\u00e9couvrir leur force int\u00e9rieure.\" \/>\n<meta property=\"og:url\" content=\"https:\/\/evitale.ca\/fr\/product\/cheque-cadeau-de-100\/\" \/>\n<meta property=\"og:site_name\" content=\"Energie Vitale\" \/>\n<meta property=\"article:modified_time\" content=\"2025-05-16T15:17:43+00:00\" \/>\n<meta property=\"og:image\" content=\"https:\/\/evitale.ca\/wp-content\/uploads\/2025\/05\/Screenshot-2025-05-13-at-2.47.49-PM.jpg\" \/>\n\t<meta property=\"og:image:width\" content=\"1564\" \/>\n\t<meta property=\"og:image:height\" content=\"784\" \/>\n\t<meta property=\"og:image:type\" content=\"image\/jpeg\" \/>\n<meta name=\"twitter:card\" content=\"summary_large_image\" \/>\n<meta name=\"twitter:label1\" content=\"Dur\u00e9e de lecture estim\u00e9e\" \/>\n\t<meta name=\"twitter:data1\" content=\"1 minute\" \/>\n<script type=\"application\/ld+json\" class=\"yoast-schema-graph\">{\"@context\":\"https:\\\/\\\/schema.org\",\"@graph\":[{\"@type\":\"WebPage\",\"@id\":\"https:\\\/\\\/evitale.ca\\\/fr\\\/product\\\/cheque-cadeau-de-100\\\/\",\"url\":\"https:\\\/\\\/evitale.ca\\\/fr\\\/product\\\/cheque-cadeau-de-100\\\/\",\"name\":\"Ch\u00e8que-cadeau de 100$ - Energie Vitale\",\"isPartOf\":{\"@id\":\"https:\\\/\\\/evitale.ca\\\/fr\\\/#website\"},\"primaryImageOfPage\":{\"@id\":\"https:\\\/\\\/evitale.ca\\\/fr\\\/product\\\/cheque-cadeau-de-100\\\/#primaryimage\"},\"image\":{\"@id\":\"https:\\\/\\\/evitale.ca\\\/fr\\\/product\\\/cheque-cadeau-de-100\\\/#primaryimage\"},\"thumbnailUrl\":\"https:\\\/\\\/evitale.ca\\\/wp-content\\\/uploads\\\/2025\\\/05\\\/Screenshot-2025-05-13-at-2.47.49-PM.jpg\",\"datePublished\":\"2025-05-16T15:04:45+00:00\",\"dateModified\":\"2025-05-16T15:17:43+00:00\",\"breadcrumb\":{\"@id\":\"https:\\\/\\\/evitale.ca\\\/fr\\\/product\\\/cheque-cadeau-de-100\\\/#breadcrumb\"},\"inLanguage\":\"fr-FR\",\"potentialAction\":[{\"@type\":\"ReadAction\",\"target\":[\"https:\\\/\\\/evitale.ca\\\/fr\\\/product\\\/cheque-cadeau-de-100\\\/\"]}]},{\"@type\":\"ImageObject\",\"inLanguage\":\"fr-FR\",\"@id\":\"https:\\\/\\\/evitale.ca\\\/fr\\\/product\\\/cheque-cadeau-de-100\\\/#primaryimage\",\"url\":\"https:\\\/\\\/evitale.ca\\\/wp-content\\\/uploads\\\/2025\\\/05\\\/Screenshot-2025-05-13-at-2.47.49-PM.jpg\",\"contentUrl\":\"https:\\\/\\\/evitale.ca\\\/wp-content\\\/uploads\\\/2025\\\/05\\\/Screenshot-2025-05-13-at-2.47.49-PM.jpg\",\"width\":1564,\"height\":784,\"caption\":\"Screenshot\"},{\"@type\":\"BreadcrumbList\",\"@id\":\"https:\\\/\\\/evitale.ca\\\/fr\\\/product\\\/cheque-cadeau-de-100\\\/#breadcrumb\",\"itemListElement\":[{\"@type\":\"ListItem\",\"position\":1,\"name\":\"Home\",\"item\":\"https:\\\/\\\/evitale.ca\\\/fr\\\/\"},{\"@type\":\"ListItem\",\"position\":2,\"name\":\"Boutique\",\"item\":\"https:\\\/\\\/evitale.ca\\\/fr\\\/boutique\\\/\"},{\"@type\":\"ListItem\",\"position\":3,\"name\":\"Ch\u00e8que-cadeau de 100$\"}]},{\"@type\":\"WebSite\",\"@id\":\"https:\\\/\\\/evitale.ca\\\/fr\\\/#website\",\"url\":\"https:\\\/\\\/evitale.ca\\\/fr\\\/\",\"name\":\"Energie Vitale\",\"description\":\"Wellness spa and recovery Montreal\",\"potentialAction\":[{\"@type\":\"SearchAction\",\"target\":{\"@type\":\"EntryPoint\",\"urlTemplate\":\"https:\\\/\\\/evitale.ca\\\/fr\\\/?s={search_term_string}\"},\"query-input\":{\"@type\":\"PropertyValueSpecification\",\"valueRequired\":true,\"valueName\":\"search_term_string\"}}],\"inLanguage\":\"fr-FR\"}]}<\/script>\n<!-- \/ Yoast SEO plugin. -->","yoast_head_json":{"title":"Ch\u00e8que-cadeau de 100$ - Energie Vitale","robots":{"index":"index","follow":"follow","max-snippet":"max-snippet:-1","max-image-preview":"max-image-preview:large","max-video-preview":"max-video-preview:-1"},"canonical":"https:\/\/evitale.ca\/fr\/product\/cheque-cadeau-de-100\/","og_locale":"fr_FR","og_type":"article","og_title":"Ch\u00e8que-cadeau de 100$ - Energie Vitale","og_description":"Am\u00e9liorez leur bien-\u00eatre avec une carte-cadeau de 100 $ du spa \u00c9nergie Vitale ! Cadeau ultime de r\u00e9cup\u00e9ration corporelle et de relaxation profonde, cette carte offre un voyage immersif pour r\u00e9tablir l'\u00e9quilibre et la vitalit\u00e9. Aidez-les \u00e0 s'apaiser profond\u00e9ment, \u00e0 rajeunir compl\u00e8tement et \u00e0 red\u00e9couvrir leur force int\u00e9rieure.","og_url":"https:\/\/evitale.ca\/fr\/product\/cheque-cadeau-de-100\/","og_site_name":"Energie Vitale","article_modified_time":"2025-05-16T15:17:43+00:00","og_image":[{"width":1564,"height":784,"url":"https:\/\/evitale.ca\/wp-content\/uploads\/2025\/05\/Screenshot-2025-05-13-at-2.47.49-PM.jpg","type":"image\/jpeg"}],"twitter_card":"summary_large_image","twitter_misc":{"Dur\u00e9e de lecture estim\u00e9e":"1 minute"},"schema":{"@context":"https:\/\/schema.org","@graph":[{"@type":"WebPage","@id":"https:\/\/evitale.ca\/fr\/product\/cheque-cadeau-de-100\/","url":"https:\/\/evitale.ca\/fr\/product\/cheque-cadeau-de-100\/","name":"Ch\u00e8que-cadeau de 100$ - Energie Vitale","isPartOf":{"@id":"https:\/\/evitale.ca\/fr\/#website"},"primaryImageOfPage":{"@id":"https:\/\/evitale.ca\/fr\/product\/cheque-cadeau-de-100\/#primaryimage"},"image":{"@id":"https:\/\/evitale.ca\/fr\/product\/cheque-cadeau-de-100\/#primaryimage"},"thumbnailUrl":"https:\/\/evitale.ca\/wp-content\/uploads\/2025\/05\/Screenshot-2025-05-13-at-2.47.49-PM.jpg","datePublished":"2025-05-16T15:04:45+00:00","dateModified":"2025-05-16T15:17:43+00:00","breadcrumb":{"@id":"https:\/\/evitale.ca\/fr\/product\/cheque-cadeau-de-100\/#breadcrumb"},"inLanguage":"fr-FR","potentialAction":[{"@type":"ReadAction","target":["https:\/\/evitale.ca\/fr\/product\/cheque-cadeau-de-100\/"]}]},{"@type":"ImageObject","inLanguage":"fr-FR","@id":"https:\/\/evitale.ca\/fr\/product\/cheque-cadeau-de-100\/#primaryimage","url":"https:\/\/evitale.ca\/wp-content\/uploads\/2025\/05\/Screenshot-2025-05-13-at-2.47.49-PM.jpg","contentUrl":"https:\/\/evitale.ca\/wp-content\/uploads\/2025\/05\/Screenshot-2025-05-13-at-2.47.49-PM.jpg","width":1564,"height":784,"caption":"Screenshot"},{"@type":"BreadcrumbList","@id":"https:\/\/evitale.ca\/fr\/product\/cheque-cadeau-de-100\/#breadcrumb","itemListElement":[{"@type":"ListItem","position":1,"name":"Home","item":"https:\/\/evitale.ca\/fr\/"},{"@type":"ListItem","position":2,"name":"Boutique","item":"https:\/\/evitale.ca\/fr\/boutique\/"},{"@type":"ListItem","position":3,"name":"Ch\u00e8que-cadeau de 100$"}]},{"@type":"WebSite","@id":"https:\/\/evitale.ca\/fr\/#website","url":"https:\/\/evitale.ca\/fr\/","name":"Energie Vitale","description":"Wellness spa and recovery Montreal","potentialAction":[{"@type":"SearchAction","target":{"@type":"EntryPoint","urlTemplate":"https:\/\/evitale.ca\/fr\/?s={search_term_string}"},"query-input":{"@type":"PropertyValueSpecification","valueRequired":true,"valueName":"search_term_string"}}],"inLanguage":"fr-FR"}]}},"_links":{"self":[{"href":"https:\/\/evitale.ca\/fr\/wp-json\/wp\/v2\/product\/2050","targetHints":{"allow":["GET"]}}],"collection":[{"href":"https:\/\/evitale.ca\/fr\/wp-json\/wp\/v2\/product"}],"about":[{"href":"https:\/\/evitale.ca\/fr\/wp-json\/wp\/v2\/types\/product"}],"wp:featuredmedia":[{"embeddable":true,"href":"https:\/\/evitale.ca\/fr\/wp-json\/wp\/v2\/media\/2032"}],"wp:attachment":[{"href":"https:\/\/evitale.ca\/fr\/wp-json\/wp\/v2\/media?parent=2050"}],"wp:term":[{"taxonomy":"product_brand","embeddable":true,"href":"https:\/\/evitale.ca\/fr\/wp-json\/wp\/v2\/product_brand?post=2050"},{"taxonomy":"product_cat","embeddable":true,"href":"https:\/\/evitale.ca\/fr\/wp-json\/wp\/v2\/product_cat?post=2050"},{"taxonomy":"product_tag","embeddable":true,"href":"https:\/\/evitale.ca\/fr\/wp-json\/wp\/v2\/product_tag?post=2050"},{"taxonomy":"giftcard-category","embeddable":true,"href":"https:\/\/evitale.ca\/fr\/wp-json\/wp\/v2\/giftcard-category?post=2050"}],"curies":[{"name":"wp","href":"https:\/\/api.w.org\/{rel}","templated":true}]}}