{"id":2369,"date":"2025-08-01T00:58:34","date_gmt":"2025-08-01T00:58:34","guid":{"rendered":"https:\/\/evitale.ca\/?post_type=product&#038;p=2369"},"modified":"2026-02-03T19:47:26","modified_gmt":"2026-02-04T00:47:26","slug":"spa-membership","status":"publish","type":"product","link":"https:\/\/evitale.ca\/fr\/product\/spa-membership\/","title":{"rendered":"Adh\u00e9sion au spa"},"content":{"rendered":"<div class=\"fusion-title title fusion-title-4 fusion-sep-none fusion-title-text fusion-title-size-five\">\n<p data-sourcepos=\"45:1-45:214\"><strong>90 minutes d&#8217;acc\u00e8s illimit\u00e9<\/strong> aux meilleurs \u00e9quipements de r\u00e9cup\u00e9ration d&#8217;Energie Vitale Spa. Consacrez ce temps \u00e0 votre bien-\u00eatre et laissez-nous vous aider \u00e0 retrouver votre \u00e9nergie vitale. <\/p>\n<p data-sourcepos=\"47:1-47:25\"><strong>Votre acc\u00e8s comprend<\/strong><\/p>\n<ul data-sourcepos=\"48:1-57:0\">\n<li data-sourcepos=\"48:1-48:22\">Normatec Compression<\/li>\n<li data-sourcepos=\"49:1-49:13\">Plong\u00e9e dans le froid<\/li>\n<li data-sourcepos=\"50:1-50:13\">Cryoth\u00e9rapie<\/li>\n<li data-sourcepos=\"51:1-51:16\">Sauna infrarouge<\/li>\n<li data-sourcepos=\"52:1-52:11\">Lumi\u00e8re rouge<\/li>\n<li data-sourcepos=\"53:1-53:17\">Douche \u00e0 effet de pluie<\/li>\n<li data-sourcepos=\"54:1-54:30\">Espace d\u00e9tente avec chemin\u00e9e<\/li>\n<li data-sourcepos=\"55:1-55:13\">Vestiaire<\/li>\n<li data-sourcepos=\"56:1-57:0\">Service de serviettes<\/li>\n<\/ul>\n<p data-sourcepos=\"58:1-58:69\">Nous sommes pr\u00eats \u00e0 vous guider dans une exp\u00e9rience de r\u00e9tablissement sans pr\u00e9c\u00e9dent.<\/p>\n<\/div>\n","protected":false},"excerpt":{"rendered":"<p>Vous b\u00e9n\u00e9ficiez d&#8217;un acc\u00e8s illimit\u00e9 avec l&#8217;une ou l&#8217;autre des adh\u00e9sions ci-dessous que vous choisissez pour un bloc de<br \/>\n<strong>90 minutes<\/strong>.<\/p>\n<p><em>Vous devez accepter notre renonciation lors de l&#8217;achat de votre carte journali\u00e8re ou de votre abonnement, puis vous pouvez r\u00e9server le jour et le cr\u00e9neau horaire pour le spa. (Chaque personne doit acheter\/r\u00e9server s\u00e9par\u00e9ment pour accepter la d\u00e9charge et parce que vous ne pouvez r\u00e9server qu&#8217;un seul cr\u00e9neau horaire par personne et par jour). <\/em><\/p>\n","protected":false},"featured_media":4465,"template":"","meta":{"_acf_changed":false},"product_brand":[],"product_cat":[82],"product_tag":[],"giftcard-category":[],"class_list":{"0":"post-2369","1":"product","2":"type-product","3":"status-publish","4":"has-post-thumbnail","6":"product_cat-membership-fr","8":"first","9":"instock","10":"sold-individually","11":"taxable","12":"shipping-taxable","13":"purchasable","14":"product-type-variable-subscription"},"booking_location":null,"booking_location_type":null,"booking_duration":null,"booking_duration_unit":null,"booking_buffer":null,"booking_cost":null,"booking_resources":null,"acf":[],"yoast_head":"<!-- This site is optimized with the Yoast SEO plugin v27.5 - https:\/\/yoast.com\/product\/yoast-seo-wordpress\/ -->\n<title>Adh\u00e9sion au spa - Energie Vitale<\/title>\n<meta name=\"robots\" content=\"index, follow, max-snippet:-1, max-image-preview:large, max-video-preview:-1\" \/>\n<link rel=\"canonical\" href=\"https:\/\/evitale.ca\/fr\/product\/spa-membership\/\" \/>\n<meta property=\"og:locale\" content=\"fr_FR\" \/>\n<meta property=\"og:type\" content=\"article\" \/>\n<meta property=\"og:title\" content=\"Adh\u00e9sion au spa - Energie Vitale\" \/>\n<meta property=\"og:description\" content=\"Vous b\u00e9n\u00e9ficiez d&#039;un acc\u00e8s illimit\u00e9 avec l&#039;une ou l&#039;autre des adh\u00e9sions ci-dessous que vous choisissez pour un bloc de 90 minutes. Vous devez accepter notre renonciation lors de l&#039;achat de votre carte journali\u00e8re ou de votre abonnement, puis vous pouvez r\u00e9server le jour et le cr\u00e9neau horaire pour le spa. (Chaque personne doit acheter\/r\u00e9server s\u00e9par\u00e9ment pour accepter la d\u00e9charge et parce que vous ne pouvez r\u00e9server qu&#039;un seul cr\u00e9neau horaire par personne et par jour).\" \/>\n<meta property=\"og:url\" content=\"https:\/\/evitale.ca\/fr\/product\/spa-membership\/\" \/>\n<meta property=\"og:site_name\" content=\"Energie Vitale\" \/>\n<meta property=\"article:modified_time\" content=\"2026-02-04T00:47:26+00:00\" \/>\n<meta property=\"og:image\" content=\"https:\/\/evitale.ca\/wp-content\/uploads\/2025\/05\/Screenshot-2025-05-27-at-8.44.44-PM.jpg\" \/>\n\t<meta property=\"og:image:width\" content=\"2514\" \/>\n\t<meta property=\"og:image:height\" content=\"1480\" \/>\n\t<meta property=\"og:image:type\" content=\"image\/jpeg\" \/>\n<meta name=\"twitter:card\" content=\"summary_large_image\" \/>\n<meta name=\"twitter:label1\" content=\"Dur\u00e9e de lecture estim\u00e9e\" \/>\n\t<meta name=\"twitter:data1\" content=\"1 minute\" \/>\n<script type=\"application\/ld+json\" class=\"yoast-schema-graph\">{\"@context\":\"https:\\\/\\\/schema.org\",\"@graph\":[{\"@type\":\"WebPage\",\"@id\":\"https:\\\/\\\/evitale.ca\\\/fr\\\/product\\\/spa-membership\\\/\",\"url\":\"https:\\\/\\\/evitale.ca\\\/fr\\\/product\\\/spa-membership\\\/\",\"name\":\"Adh\u00e9sion au spa - Energie Vitale\",\"isPartOf\":{\"@id\":\"https:\\\/\\\/evitale.ca\\\/fr\\\/#website\"},\"primaryImageOfPage\":{\"@id\":\"https:\\\/\\\/evitale.ca\\\/fr\\\/product\\\/spa-membership\\\/#primaryimage\"},\"image\":{\"@id\":\"https:\\\/\\\/evitale.ca\\\/fr\\\/product\\\/spa-membership\\\/#primaryimage\"},\"thumbnailUrl\":\"https:\\\/\\\/evitale.ca\\\/wp-content\\\/uploads\\\/2025\\\/08\\\/Screenshot-2026-01-31-at-9.56.45-PM.jpg\",\"datePublished\":\"2025-08-01T00:58:34+00:00\",\"dateModified\":\"2026-02-04T00:47:26+00:00\",\"breadcrumb\":{\"@id\":\"https:\\\/\\\/evitale.ca\\\/fr\\\/product\\\/spa-membership\\\/#breadcrumb\"},\"inLanguage\":\"fr-FR\",\"potentialAction\":[{\"@type\":\"ReadAction\",\"target\":[\"https:\\\/\\\/evitale.ca\\\/fr\\\/product\\\/spa-membership\\\/\"]}]},{\"@type\":\"ImageObject\",\"inLanguage\":\"fr-FR\",\"@id\":\"https:\\\/\\\/evitale.ca\\\/fr\\\/product\\\/spa-membership\\\/#primaryimage\",\"url\":\"https:\\\/\\\/evitale.ca\\\/wp-content\\\/uploads\\\/2025\\\/08\\\/Screenshot-2026-01-31-at-9.56.45-PM.jpg\",\"contentUrl\":\"https:\\\/\\\/evitale.ca\\\/wp-content\\\/uploads\\\/2025\\\/08\\\/Screenshot-2026-01-31-at-9.56.45-PM.jpg\",\"width\":910,\"height\":1092,\"caption\":\"Screenshot\"},{\"@type\":\"BreadcrumbList\",\"@id\":\"https:\\\/\\\/evitale.ca\\\/fr\\\/product\\\/spa-membership\\\/#breadcrumb\",\"itemListElement\":[{\"@type\":\"ListItem\",\"position\":1,\"name\":\"Home\",\"item\":\"https:\\\/\\\/evitale.ca\\\/fr\\\/\"},{\"@type\":\"ListItem\",\"position\":2,\"name\":\"Boutique\",\"item\":\"https:\\\/\\\/evitale.ca\\\/fr\\\/boutique\\\/\"},{\"@type\":\"ListItem\",\"position\":3,\"name\":\"Adh\u00e9sion au spa\"}]},{\"@type\":\"WebSite\",\"@id\":\"https:\\\/\\\/evitale.ca\\\/fr\\\/#website\",\"url\":\"https:\\\/\\\/evitale.ca\\\/fr\\\/\",\"name\":\"Energie Vitale\",\"description\":\"Wellness spa and recovery Montreal\",\"potentialAction\":[{\"@type\":\"SearchAction\",\"target\":{\"@type\":\"EntryPoint\",\"urlTemplate\":\"https:\\\/\\\/evitale.ca\\\/fr\\\/?s={search_term_string}\"},\"query-input\":{\"@type\":\"PropertyValueSpecification\",\"valueRequired\":true,\"valueName\":\"search_term_string\"}}],\"inLanguage\":\"fr-FR\"}]}<\/script>\n<!-- \/ Yoast SEO plugin. -->","yoast_head_json":{"title":"Adh\u00e9sion au spa - Energie Vitale","robots":{"index":"index","follow":"follow","max-snippet":"max-snippet:-1","max-image-preview":"max-image-preview:large","max-video-preview":"max-video-preview:-1"},"canonical":"https:\/\/evitale.ca\/fr\/product\/spa-membership\/","og_locale":"fr_FR","og_type":"article","og_title":"Adh\u00e9sion au spa - Energie Vitale","og_description":"Vous b\u00e9n\u00e9ficiez d'un acc\u00e8s illimit\u00e9 avec l'une ou l'autre des adh\u00e9sions ci-dessous que vous choisissez pour un bloc de 90 minutes. Vous devez accepter notre renonciation lors de l'achat de votre carte journali\u00e8re ou de votre abonnement, puis vous pouvez r\u00e9server le jour et le cr\u00e9neau horaire pour le spa. (Chaque personne doit acheter\/r\u00e9server s\u00e9par\u00e9ment pour accepter la d\u00e9charge et parce que vous ne pouvez r\u00e9server qu'un seul cr\u00e9neau horaire par personne et par jour).","og_url":"https:\/\/evitale.ca\/fr\/product\/spa-membership\/","og_site_name":"Energie Vitale","article_modified_time":"2026-02-04T00:47:26+00:00","og_image":[{"width":2514,"height":1480,"url":"https:\/\/evitale.ca\/wp-content\/uploads\/2025\/05\/Screenshot-2025-05-27-at-8.44.44-PM.jpg","type":"image\/jpeg"}],"twitter_card":"summary_large_image","twitter_misc":{"Dur\u00e9e de lecture estim\u00e9e":"1 minute"},"schema":{"@context":"https:\/\/schema.org","@graph":[{"@type":"WebPage","@id":"https:\/\/evitale.ca\/fr\/product\/spa-membership\/","url":"https:\/\/evitale.ca\/fr\/product\/spa-membership\/","name":"Adh\u00e9sion au spa - Energie Vitale","isPartOf":{"@id":"https:\/\/evitale.ca\/fr\/#website"},"primaryImageOfPage":{"@id":"https:\/\/evitale.ca\/fr\/product\/spa-membership\/#primaryimage"},"image":{"@id":"https:\/\/evitale.ca\/fr\/product\/spa-membership\/#primaryimage"},"thumbnailUrl":"https:\/\/evitale.ca\/wp-content\/uploads\/2025\/08\/Screenshot-2026-01-31-at-9.56.45-PM.jpg","datePublished":"2025-08-01T00:58:34+00:00","dateModified":"2026-02-04T00:47:26+00:00","breadcrumb":{"@id":"https:\/\/evitale.ca\/fr\/product\/spa-membership\/#breadcrumb"},"inLanguage":"fr-FR","potentialAction":[{"@type":"ReadAction","target":["https:\/\/evitale.ca\/fr\/product\/spa-membership\/"]}]},{"@type":"ImageObject","inLanguage":"fr-FR","@id":"https:\/\/evitale.ca\/fr\/product\/spa-membership\/#primaryimage","url":"https:\/\/evitale.ca\/wp-content\/uploads\/2025\/08\/Screenshot-2026-01-31-at-9.56.45-PM.jpg","contentUrl":"https:\/\/evitale.ca\/wp-content\/uploads\/2025\/08\/Screenshot-2026-01-31-at-9.56.45-PM.jpg","width":910,"height":1092,"caption":"Screenshot"},{"@type":"BreadcrumbList","@id":"https:\/\/evitale.ca\/fr\/product\/spa-membership\/#breadcrumb","itemListElement":[{"@type":"ListItem","position":1,"name":"Home","item":"https:\/\/evitale.ca\/fr\/"},{"@type":"ListItem","position":2,"name":"Boutique","item":"https:\/\/evitale.ca\/fr\/boutique\/"},{"@type":"ListItem","position":3,"name":"Adh\u00e9sion au spa"}]},{"@type":"WebSite","@id":"https:\/\/evitale.ca\/fr\/#website","url":"https:\/\/evitale.ca\/fr\/","name":"Energie Vitale","description":"Wellness spa and recovery Montreal","potentialAction":[{"@type":"SearchAction","target":{"@type":"EntryPoint","urlTemplate":"https:\/\/evitale.ca\/fr\/?s={search_term_string}"},"query-input":{"@type":"PropertyValueSpecification","valueRequired":true,"valueName":"search_term_string"}}],"inLanguage":"fr-FR"}]}},"_links":{"self":[{"href":"https:\/\/evitale.ca\/fr\/wp-json\/wp\/v2\/product\/2369","targetHints":{"allow":["GET"]}}],"collection":[{"href":"https:\/\/evitale.ca\/fr\/wp-json\/wp\/v2\/product"}],"about":[{"href":"https:\/\/evitale.ca\/fr\/wp-json\/wp\/v2\/types\/product"}],"wp:featuredmedia":[{"embeddable":true,"href":"https:\/\/evitale.ca\/fr\/wp-json\/wp\/v2\/media\/4465"}],"wp:attachment":[{"href":"https:\/\/evitale.ca\/fr\/wp-json\/wp\/v2\/media?parent=2369"}],"wp:term":[{"taxonomy":"product_brand","embeddable":true,"href":"https:\/\/evitale.ca\/fr\/wp-json\/wp\/v2\/product_brand?post=2369"},{"taxonomy":"product_cat","embeddable":true,"href":"https:\/\/evitale.ca\/fr\/wp-json\/wp\/v2\/product_cat?post=2369"},{"taxonomy":"product_tag","embeddable":true,"href":"https:\/\/evitale.ca\/fr\/wp-json\/wp\/v2\/product_tag?post=2369"},{"taxonomy":"giftcard-category","embeddable":true,"href":"https:\/\/evitale.ca\/fr\/wp-json\/wp\/v2\/giftcard-category?post=2369"}],"curies":[{"name":"wp","href":"https:\/\/api.w.org\/{rel}","templated":true}]}}