{"id":2588,"date":"2025-10-06T19:30:27","date_gmt":"2025-10-06T23:30:27","guid":{"rendered":"https:\/\/evitale.ca\/product\/guerison-par-le-son-avec-maitre-chris\/"},"modified":"2025-10-14T19:53:42","modified_gmt":"2025-10-14T23:53:42","slug":"guerison-par-le-son-avec-maitre-chris","status":"publish","type":"product","link":"https:\/\/evitale.ca\/fr\/product\/guerison-par-le-son-avec-maitre-chris\/","title":{"rendered":"Gu\u00e9rison par le son avec Ma\u00eetre Chris"},"content":{"rendered":"","protected":false},"excerpt":{"rendered":"<h3>Dimanche 2 novembre \u00e0 11 heures<\/h3>\n<p>Faites l&#8217;exp\u00e9rience du pouvoir transformateur de la gu\u00e9rison par le son au spa EV avec Master Chris pour seulement 49,99 $, ce qui comprend un laissez-passer de 90 minutes au spa et une s\u00e9ance de gu\u00e9rison par le son de 30 minutes. Pour nos pr\u00e9cieux clients d\u00e9j\u00e0 membres, vous ne payez que 15$ pour l&#8217;entr\u00e9e ! Le nombre de places \u00e9tant limit\u00e9 \u00e0 10 personnes, ce cadre intime garantit une exp\u00e9rience personnalis\u00e9e. Ne manquez pas votre chance d&#8217;embarquer pour ce voyage de relaxation et de rajeunissement &#8211; r\u00e9servez votre place d\u00e8s aujourd&#8217;hui !   <\/p>\n","protected":false},"featured_media":2577,"template":"","meta":{"_acf_changed":false},"product_brand":[],"product_cat":[89],"product_tag":[],"giftcard-category":[],"class_list":{"0":"post-2588","1":"product","2":"type-product","3":"status-publish","4":"has-post-thumbnail","6":"product_cat-events-fr","8":"first","9":"outofstock","10":"sold-individually","11":"taxable","12":"shipping-taxable","13":"purchasable","14":"product-type-variable"},"booking_location":null,"booking_location_type":null,"booking_duration":null,"booking_duration_unit":null,"booking_buffer":null,"booking_cost":null,"booking_resources":null,"acf":[],"yoast_head":"<!-- This site is optimized with the Yoast SEO plugin v27.5 - https:\/\/yoast.com\/product\/yoast-seo-wordpress\/ -->\n<title>Gu\u00e9rison par le son avec Ma\u00eetre Chris - Energie Vitale<\/title>\n<meta name=\"robots\" content=\"index, follow, max-snippet:-1, max-image-preview:large, max-video-preview:-1\" \/>\n<link rel=\"canonical\" href=\"https:\/\/evitale.ca\/fr\/product\/guerison-par-le-son-avec-maitre-chris\/\" \/>\n<meta property=\"og:locale\" content=\"fr_FR\" \/>\n<meta property=\"og:type\" content=\"article\" \/>\n<meta property=\"og:title\" content=\"Gu\u00e9rison par le son avec Ma\u00eetre Chris - Energie Vitale\" \/>\n<meta property=\"og:description\" content=\"Dimanche 2 novembre \u00e0 11 heures Faites l&#039;exp\u00e9rience du pouvoir transformateur de la gu\u00e9rison par le son au spa EV avec Master Chris pour seulement 49,99 $, ce qui comprend un laissez-passer de 90 minutes au spa et une s\u00e9ance de gu\u00e9rison par le son de 30 minutes. Pour nos pr\u00e9cieux clients d\u00e9j\u00e0 membres, vous ne payez que 15$ pour l&#039;entr\u00e9e ! Le nombre de places \u00e9tant limit\u00e9 \u00e0 10 personnes, ce cadre intime garantit une exp\u00e9rience personnalis\u00e9e. Ne manquez pas votre chance d&#039;embarquer pour ce voyage de relaxation et de rajeunissement - r\u00e9servez votre place d\u00e8s aujourd&#039;hui !\" \/>\n<meta property=\"og:url\" content=\"https:\/\/evitale.ca\/fr\/product\/guerison-par-le-son-avec-maitre-chris\/\" \/>\n<meta property=\"og:site_name\" content=\"Energie Vitale\" \/>\n<meta property=\"article:modified_time\" content=\"2025-10-14T23:53:42+00:00\" \/>\n<meta property=\"og:image\" content=\"https:\/\/evitale.ca\/wp-content\/uploads\/2025\/10\/soundhealing-1.jpg\" \/>\n\t<meta property=\"og:image:width\" content=\"996\" \/>\n\t<meta property=\"og:image:height\" content=\"1768\" \/>\n\t<meta property=\"og:image:type\" content=\"image\/jpeg\" \/>\n<meta name=\"twitter:card\" content=\"summary_large_image\" \/>\n<script type=\"application\/ld+json\" class=\"yoast-schema-graph\">{\"@context\":\"https:\\\/\\\/schema.org\",\"@graph\":[{\"@type\":\"WebPage\",\"@id\":\"https:\\\/\\\/evitale.ca\\\/fr\\\/product\\\/guerison-par-le-son-avec-maitre-chris\\\/\",\"url\":\"https:\\\/\\\/evitale.ca\\\/fr\\\/product\\\/guerison-par-le-son-avec-maitre-chris\\\/\",\"name\":\"Gu\u00e9rison par le son avec Ma\u00eetre Chris - Energie Vitale\",\"isPartOf\":{\"@id\":\"https:\\\/\\\/evitale.ca\\\/fr\\\/#website\"},\"primaryImageOfPage\":{\"@id\":\"https:\\\/\\\/evitale.ca\\\/fr\\\/product\\\/guerison-par-le-son-avec-maitre-chris\\\/#primaryimage\"},\"image\":{\"@id\":\"https:\\\/\\\/evitale.ca\\\/fr\\\/product\\\/guerison-par-le-son-avec-maitre-chris\\\/#primaryimage\"},\"thumbnailUrl\":\"https:\\\/\\\/evitale.ca\\\/wp-content\\\/uploads\\\/2025\\\/10\\\/soundhealing-1.jpg\",\"datePublished\":\"2025-10-06T23:30:27+00:00\",\"dateModified\":\"2025-10-14T23:53:42+00:00\",\"breadcrumb\":{\"@id\":\"https:\\\/\\\/evitale.ca\\\/fr\\\/product\\\/guerison-par-le-son-avec-maitre-chris\\\/#breadcrumb\"},\"inLanguage\":\"fr-FR\",\"potentialAction\":[{\"@type\":\"ReadAction\",\"target\":[\"https:\\\/\\\/evitale.ca\\\/fr\\\/product\\\/guerison-par-le-son-avec-maitre-chris\\\/\"]}]},{\"@type\":\"ImageObject\",\"inLanguage\":\"fr-FR\",\"@id\":\"https:\\\/\\\/evitale.ca\\\/fr\\\/product\\\/guerison-par-le-son-avec-maitre-chris\\\/#primaryimage\",\"url\":\"https:\\\/\\\/evitale.ca\\\/wp-content\\\/uploads\\\/2025\\\/10\\\/soundhealing-1.jpg\",\"contentUrl\":\"https:\\\/\\\/evitale.ca\\\/wp-content\\\/uploads\\\/2025\\\/10\\\/soundhealing-1.jpg\",\"width\":996,\"height\":1768,\"caption\":\"Screenshot\"},{\"@type\":\"BreadcrumbList\",\"@id\":\"https:\\\/\\\/evitale.ca\\\/fr\\\/product\\\/guerison-par-le-son-avec-maitre-chris\\\/#breadcrumb\",\"itemListElement\":[{\"@type\":\"ListItem\",\"position\":1,\"name\":\"Home\",\"item\":\"https:\\\/\\\/evitale.ca\\\/fr\\\/\"},{\"@type\":\"ListItem\",\"position\":2,\"name\":\"Boutique\",\"item\":\"https:\\\/\\\/evitale.ca\\\/fr\\\/boutique\\\/\"},{\"@type\":\"ListItem\",\"position\":3,\"name\":\"Gu\u00e9rison par le son avec Ma\u00eetre Chris\"}]},{\"@type\":\"WebSite\",\"@id\":\"https:\\\/\\\/evitale.ca\\\/fr\\\/#website\",\"url\":\"https:\\\/\\\/evitale.ca\\\/fr\\\/\",\"name\":\"Energie Vitale\",\"description\":\"Wellness spa and recovery Montreal\",\"potentialAction\":[{\"@type\":\"SearchAction\",\"target\":{\"@type\":\"EntryPoint\",\"urlTemplate\":\"https:\\\/\\\/evitale.ca\\\/fr\\\/?s={search_term_string}\"},\"query-input\":{\"@type\":\"PropertyValueSpecification\",\"valueRequired\":true,\"valueName\":\"search_term_string\"}}],\"inLanguage\":\"fr-FR\"}]}<\/script>\n<!-- \/ Yoast SEO plugin. -->","yoast_head_json":{"title":"Gu\u00e9rison par le son avec Ma\u00eetre Chris - Energie Vitale","robots":{"index":"index","follow":"follow","max-snippet":"max-snippet:-1","max-image-preview":"max-image-preview:large","max-video-preview":"max-video-preview:-1"},"canonical":"https:\/\/evitale.ca\/fr\/product\/guerison-par-le-son-avec-maitre-chris\/","og_locale":"fr_FR","og_type":"article","og_title":"Gu\u00e9rison par le son avec Ma\u00eetre Chris - Energie Vitale","og_description":"Dimanche 2 novembre \u00e0 11 heures Faites l'exp\u00e9rience du pouvoir transformateur de la gu\u00e9rison par le son au spa EV avec Master Chris pour seulement 49,99 $, ce qui comprend un laissez-passer de 90 minutes au spa et une s\u00e9ance de gu\u00e9rison par le son de 30 minutes. Pour nos pr\u00e9cieux clients d\u00e9j\u00e0 membres, vous ne payez que 15$ pour l'entr\u00e9e ! Le nombre de places \u00e9tant limit\u00e9 \u00e0 10 personnes, ce cadre intime garantit une exp\u00e9rience personnalis\u00e9e. Ne manquez pas votre chance d'embarquer pour ce voyage de relaxation et de rajeunissement - r\u00e9servez votre place d\u00e8s aujourd'hui !","og_url":"https:\/\/evitale.ca\/fr\/product\/guerison-par-le-son-avec-maitre-chris\/","og_site_name":"Energie Vitale","article_modified_time":"2025-10-14T23:53:42+00:00","og_image":[{"width":996,"height":1768,"url":"https:\/\/evitale.ca\/wp-content\/uploads\/2025\/10\/soundhealing-1.jpg","type":"image\/jpeg"}],"twitter_card":"summary_large_image","schema":{"@context":"https:\/\/schema.org","@graph":[{"@type":"WebPage","@id":"https:\/\/evitale.ca\/fr\/product\/guerison-par-le-son-avec-maitre-chris\/","url":"https:\/\/evitale.ca\/fr\/product\/guerison-par-le-son-avec-maitre-chris\/","name":"Gu\u00e9rison par le son avec Ma\u00eetre Chris - Energie Vitale","isPartOf":{"@id":"https:\/\/evitale.ca\/fr\/#website"},"primaryImageOfPage":{"@id":"https:\/\/evitale.ca\/fr\/product\/guerison-par-le-son-avec-maitre-chris\/#primaryimage"},"image":{"@id":"https:\/\/evitale.ca\/fr\/product\/guerison-par-le-son-avec-maitre-chris\/#primaryimage"},"thumbnailUrl":"https:\/\/evitale.ca\/wp-content\/uploads\/2025\/10\/soundhealing-1.jpg","datePublished":"2025-10-06T23:30:27+00:00","dateModified":"2025-10-14T23:53:42+00:00","breadcrumb":{"@id":"https:\/\/evitale.ca\/fr\/product\/guerison-par-le-son-avec-maitre-chris\/#breadcrumb"},"inLanguage":"fr-FR","potentialAction":[{"@type":"ReadAction","target":["https:\/\/evitale.ca\/fr\/product\/guerison-par-le-son-avec-maitre-chris\/"]}]},{"@type":"ImageObject","inLanguage":"fr-FR","@id":"https:\/\/evitale.ca\/fr\/product\/guerison-par-le-son-avec-maitre-chris\/#primaryimage","url":"https:\/\/evitale.ca\/wp-content\/uploads\/2025\/10\/soundhealing-1.jpg","contentUrl":"https:\/\/evitale.ca\/wp-content\/uploads\/2025\/10\/soundhealing-1.jpg","width":996,"height":1768,"caption":"Screenshot"},{"@type":"BreadcrumbList","@id":"https:\/\/evitale.ca\/fr\/product\/guerison-par-le-son-avec-maitre-chris\/#breadcrumb","itemListElement":[{"@type":"ListItem","position":1,"name":"Home","item":"https:\/\/evitale.ca\/fr\/"},{"@type":"ListItem","position":2,"name":"Boutique","item":"https:\/\/evitale.ca\/fr\/boutique\/"},{"@type":"ListItem","position":3,"name":"Gu\u00e9rison par le son avec Ma\u00eetre Chris"}]},{"@type":"WebSite","@id":"https:\/\/evitale.ca\/fr\/#website","url":"https:\/\/evitale.ca\/fr\/","name":"Energie Vitale","description":"Wellness spa and recovery Montreal","potentialAction":[{"@type":"SearchAction","target":{"@type":"EntryPoint","urlTemplate":"https:\/\/evitale.ca\/fr\/?s={search_term_string}"},"query-input":{"@type":"PropertyValueSpecification","valueRequired":true,"valueName":"search_term_string"}}],"inLanguage":"fr-FR"}]}},"_links":{"self":[{"href":"https:\/\/evitale.ca\/fr\/wp-json\/wp\/v2\/product\/2588","targetHints":{"allow":["GET"]}}],"collection":[{"href":"https:\/\/evitale.ca\/fr\/wp-json\/wp\/v2\/product"}],"about":[{"href":"https:\/\/evitale.ca\/fr\/wp-json\/wp\/v2\/types\/product"}],"wp:featuredmedia":[{"embeddable":true,"href":"https:\/\/evitale.ca\/fr\/wp-json\/wp\/v2\/media\/2577"}],"wp:attachment":[{"href":"https:\/\/evitale.ca\/fr\/wp-json\/wp\/v2\/media?parent=2588"}],"wp:term":[{"taxonomy":"product_brand","embeddable":true,"href":"https:\/\/evitale.ca\/fr\/wp-json\/wp\/v2\/product_brand?post=2588"},{"taxonomy":"product_cat","embeddable":true,"href":"https:\/\/evitale.ca\/fr\/wp-json\/wp\/v2\/product_cat?post=2588"},{"taxonomy":"product_tag","embeddable":true,"href":"https:\/\/evitale.ca\/fr\/wp-json\/wp\/v2\/product_tag?post=2588"},{"taxonomy":"giftcard-category","embeddable":true,"href":"https:\/\/evitale.ca\/fr\/wp-json\/wp\/v2\/giftcard-category?post=2588"}],"curies":[{"name":"wp","href":"https:\/\/api.w.org\/{rel}","templated":true}]}}