{"id":4410,"date":"2026-02-02T19:54:00","date_gmt":"2026-02-03T00:54:00","guid":{"rendered":"https:\/\/evitale.ca\/?post_type=product&#038;p=4410"},"modified":"2026-02-02T20:45:08","modified_gmt":"2026-02-03T01:45:08","slug":"soiree-entre-filles-19-fevrier","status":"publish","type":"product","link":"https:\/\/evitale.ca\/fr\/product\/soiree-entre-filles-19-fevrier\/","title":{"rendered":"Soir\u00e9e entre filles &#8211; 19 f\u00e9vrier"},"content":{"rendered":"","protected":false},"excerpt":{"rendered":"<p>\u2728 Soir\u00e9e entre filles chez Energie Vitale \u2728<br \/>\nRejoignez-nous pour une soir\u00e9e bien-\u00eatre et conviviale chez Energie Vitale le 19 f\u00e9vrier de 20h \u00e0 22h. Profitez d&#8217;un moment de d\u00e9tente au spa, d&#8217;une hydratation rafra\u00eechissante et d&#8217;un assortiment de d\u00e9licieuses bouch\u00e9es. La pause id\u00e9ale en milieu de semaine avec vos amies pr\u00e9f\u00e9r\u00e9es. \ud83d\udc96<\/p>\n<p>&nbsp;<\/p>\n","protected":false},"featured_media":4421,"template":"","meta":{"_acf_changed":false},"product_brand":[],"product_cat":[89],"product_tag":[],"giftcard-category":[],"class_list":{"0":"post-4410","1":"product","2":"type-product","3":"status-publish","4":"has-post-thumbnail","6":"product_cat-events-fr","8":"first","9":"outofstock","10":"taxable","11":"shipping-taxable","12":"purchasable","13":"product-type-simple"},"booking_location":null,"booking_location_type":null,"booking_duration":null,"booking_duration_unit":null,"booking_buffer":null,"booking_cost":null,"booking_resources":null,"acf":[],"yoast_head":"<!-- This site is optimized with the Yoast SEO plugin v27.3 - https:\/\/yoast.com\/product\/yoast-seo-wordpress\/ -->\n<title>Soir\u00e9e entre filles - 19 f\u00e9vrier - Energie Vitale<\/title>\n<meta name=\"robots\" content=\"index, follow, max-snippet:-1, max-image-preview:large, max-video-preview:-1\" \/>\n<link rel=\"canonical\" href=\"https:\/\/evitale.ca\/fr\/product\/soiree-entre-filles-19-fevrier\/\" \/>\n<meta property=\"og:locale\" content=\"fr_FR\" \/>\n<meta property=\"og:type\" content=\"article\" \/>\n<meta property=\"og:title\" content=\"Soir\u00e9e entre filles - 19 f\u00e9vrier - Energie Vitale\" \/>\n<meta property=\"og:description\" content=\"\u2728 Soir\u00e9e entre filles chez Energie Vitale \u2728 Rejoignez-nous pour une soir\u00e9e bien-\u00eatre et conviviale chez Energie Vitale le 19 f\u00e9vrier de 20h \u00e0 22h. Profitez d&#039;un moment de d\u00e9tente au spa, d&#039;une hydratation rafra\u00eechissante et d&#039;un assortiment de d\u00e9licieuses bouch\u00e9es. La pause id\u00e9ale en milieu de semaine avec vos amies pr\u00e9f\u00e9r\u00e9es. \ud83d\udc96  &nbsp;\" \/>\n<meta property=\"og:url\" content=\"https:\/\/evitale.ca\/fr\/product\/soiree-entre-filles-19-fevrier\/\" \/>\n<meta property=\"og:site_name\" content=\"Energie Vitale\" \/>\n<meta property=\"article:modified_time\" content=\"2026-02-03T01:45:08+00:00\" \/>\n<meta property=\"og:image\" content=\"https:\/\/evitale.ca\/wp-content\/uploads\/2026\/02\/Screenshot-2026-02-02-at-8.21.42-PM.jpg\" \/>\n\t<meta property=\"og:image:width\" content=\"892\" \/>\n\t<meta property=\"og:image:height\" content=\"1382\" \/>\n\t<meta property=\"og:image:type\" content=\"image\/jpeg\" \/>\n<meta name=\"twitter:card\" content=\"summary_large_image\" \/>\n<meta name=\"twitter:label1\" content=\"Dur\u00e9e de lecture estim\u00e9e\" \/>\n\t<meta name=\"twitter:data1\" content=\"1 minute\" \/>\n<script type=\"application\/ld+json\" class=\"yoast-schema-graph\">{\"@context\":\"https:\\\/\\\/schema.org\",\"@graph\":[{\"@type\":\"WebPage\",\"@id\":\"https:\\\/\\\/evitale.ca\\\/fr\\\/product\\\/soiree-entre-filles-19-fevrier\\\/\",\"url\":\"https:\\\/\\\/evitale.ca\\\/fr\\\/product\\\/soiree-entre-filles-19-fevrier\\\/\",\"name\":\"Soir\u00e9e entre filles - 19 f\u00e9vrier - Energie Vitale\",\"isPartOf\":{\"@id\":\"https:\\\/\\\/evitale.ca\\\/fr\\\/#website\"},\"primaryImageOfPage\":{\"@id\":\"https:\\\/\\\/evitale.ca\\\/fr\\\/product\\\/soiree-entre-filles-19-fevrier\\\/#primaryimage\"},\"image\":{\"@id\":\"https:\\\/\\\/evitale.ca\\\/fr\\\/product\\\/soiree-entre-filles-19-fevrier\\\/#primaryimage\"},\"thumbnailUrl\":\"https:\\\/\\\/evitale.ca\\\/wp-content\\\/uploads\\\/2026\\\/02\\\/Screenshot-2026-02-02-at-8.21.42-PM.jpg\",\"datePublished\":\"2026-02-03T00:54:00+00:00\",\"dateModified\":\"2026-02-03T01:45:08+00:00\",\"breadcrumb\":{\"@id\":\"https:\\\/\\\/evitale.ca\\\/fr\\\/product\\\/soiree-entre-filles-19-fevrier\\\/#breadcrumb\"},\"inLanguage\":\"fr-FR\",\"potentialAction\":[{\"@type\":\"ReadAction\",\"target\":[\"https:\\\/\\\/evitale.ca\\\/fr\\\/product\\\/soiree-entre-filles-19-fevrier\\\/\"]}]},{\"@type\":\"ImageObject\",\"inLanguage\":\"fr-FR\",\"@id\":\"https:\\\/\\\/evitale.ca\\\/fr\\\/product\\\/soiree-entre-filles-19-fevrier\\\/#primaryimage\",\"url\":\"https:\\\/\\\/evitale.ca\\\/wp-content\\\/uploads\\\/2026\\\/02\\\/Screenshot-2026-02-02-at-8.21.42-PM.jpg\",\"contentUrl\":\"https:\\\/\\\/evitale.ca\\\/wp-content\\\/uploads\\\/2026\\\/02\\\/Screenshot-2026-02-02-at-8.21.42-PM.jpg\",\"width\":892,\"height\":1382,\"caption\":\"Screenshot\"},{\"@type\":\"BreadcrumbList\",\"@id\":\"https:\\\/\\\/evitale.ca\\\/fr\\\/product\\\/soiree-entre-filles-19-fevrier\\\/#breadcrumb\",\"itemListElement\":[{\"@type\":\"ListItem\",\"position\":1,\"name\":\"Home\",\"item\":\"https:\\\/\\\/evitale.ca\\\/fr\\\/\"},{\"@type\":\"ListItem\",\"position\":2,\"name\":\"Boutique\",\"item\":\"https:\\\/\\\/evitale.ca\\\/fr\\\/boutique\\\/\"},{\"@type\":\"ListItem\",\"position\":3,\"name\":\"Soir\u00e9e entre filles &#8211; 19 f\u00e9vrier\"}]},{\"@type\":\"WebSite\",\"@id\":\"https:\\\/\\\/evitale.ca\\\/fr\\\/#website\",\"url\":\"https:\\\/\\\/evitale.ca\\\/fr\\\/\",\"name\":\"Energie Vitale\",\"description\":\"Wellness spa and recovery Montreal\",\"potentialAction\":[{\"@type\":\"SearchAction\",\"target\":{\"@type\":\"EntryPoint\",\"urlTemplate\":\"https:\\\/\\\/evitale.ca\\\/fr\\\/?s={search_term_string}\"},\"query-input\":{\"@type\":\"PropertyValueSpecification\",\"valueRequired\":true,\"valueName\":\"search_term_string\"}}],\"inLanguage\":\"fr-FR\"}]}<\/script>\n<!-- \/ Yoast SEO plugin. -->","yoast_head_json":{"title":"Soir\u00e9e entre filles - 19 f\u00e9vrier - Energie Vitale","robots":{"index":"index","follow":"follow","max-snippet":"max-snippet:-1","max-image-preview":"max-image-preview:large","max-video-preview":"max-video-preview:-1"},"canonical":"https:\/\/evitale.ca\/fr\/product\/soiree-entre-filles-19-fevrier\/","og_locale":"fr_FR","og_type":"article","og_title":"Soir\u00e9e entre filles - 19 f\u00e9vrier - Energie Vitale","og_description":"\u2728 Soir\u00e9e entre filles chez Energie Vitale \u2728 Rejoignez-nous pour une soir\u00e9e bien-\u00eatre et conviviale chez Energie Vitale le 19 f\u00e9vrier de 20h \u00e0 22h. Profitez d'un moment de d\u00e9tente au spa, d'une hydratation rafra\u00eechissante et d'un assortiment de d\u00e9licieuses bouch\u00e9es. La pause id\u00e9ale en milieu de semaine avec vos amies pr\u00e9f\u00e9r\u00e9es. \ud83d\udc96  &nbsp;","og_url":"https:\/\/evitale.ca\/fr\/product\/soiree-entre-filles-19-fevrier\/","og_site_name":"Energie Vitale","article_modified_time":"2026-02-03T01:45:08+00:00","og_image":[{"width":892,"height":1382,"url":"https:\/\/evitale.ca\/wp-content\/uploads\/2026\/02\/Screenshot-2026-02-02-at-8.21.42-PM.jpg","type":"image\/jpeg"}],"twitter_card":"summary_large_image","twitter_misc":{"Dur\u00e9e de lecture estim\u00e9e":"1 minute"},"schema":{"@context":"https:\/\/schema.org","@graph":[{"@type":"WebPage","@id":"https:\/\/evitale.ca\/fr\/product\/soiree-entre-filles-19-fevrier\/","url":"https:\/\/evitale.ca\/fr\/product\/soiree-entre-filles-19-fevrier\/","name":"Soir\u00e9e entre filles - 19 f\u00e9vrier - Energie Vitale","isPartOf":{"@id":"https:\/\/evitale.ca\/fr\/#website"},"primaryImageOfPage":{"@id":"https:\/\/evitale.ca\/fr\/product\/soiree-entre-filles-19-fevrier\/#primaryimage"},"image":{"@id":"https:\/\/evitale.ca\/fr\/product\/soiree-entre-filles-19-fevrier\/#primaryimage"},"thumbnailUrl":"https:\/\/evitale.ca\/wp-content\/uploads\/2026\/02\/Screenshot-2026-02-02-at-8.21.42-PM.jpg","datePublished":"2026-02-03T00:54:00+00:00","dateModified":"2026-02-03T01:45:08+00:00","breadcrumb":{"@id":"https:\/\/evitale.ca\/fr\/product\/soiree-entre-filles-19-fevrier\/#breadcrumb"},"inLanguage":"fr-FR","potentialAction":[{"@type":"ReadAction","target":["https:\/\/evitale.ca\/fr\/product\/soiree-entre-filles-19-fevrier\/"]}]},{"@type":"ImageObject","inLanguage":"fr-FR","@id":"https:\/\/evitale.ca\/fr\/product\/soiree-entre-filles-19-fevrier\/#primaryimage","url":"https:\/\/evitale.ca\/wp-content\/uploads\/2026\/02\/Screenshot-2026-02-02-at-8.21.42-PM.jpg","contentUrl":"https:\/\/evitale.ca\/wp-content\/uploads\/2026\/02\/Screenshot-2026-02-02-at-8.21.42-PM.jpg","width":892,"height":1382,"caption":"Screenshot"},{"@type":"BreadcrumbList","@id":"https:\/\/evitale.ca\/fr\/product\/soiree-entre-filles-19-fevrier\/#breadcrumb","itemListElement":[{"@type":"ListItem","position":1,"name":"Home","item":"https:\/\/evitale.ca\/fr\/"},{"@type":"ListItem","position":2,"name":"Boutique","item":"https:\/\/evitale.ca\/fr\/boutique\/"},{"@type":"ListItem","position":3,"name":"Soir\u00e9e entre filles &#8211; 19 f\u00e9vrier"}]},{"@type":"WebSite","@id":"https:\/\/evitale.ca\/fr\/#website","url":"https:\/\/evitale.ca\/fr\/","name":"Energie Vitale","description":"Wellness spa and recovery Montreal","potentialAction":[{"@type":"SearchAction","target":{"@type":"EntryPoint","urlTemplate":"https:\/\/evitale.ca\/fr\/?s={search_term_string}"},"query-input":{"@type":"PropertyValueSpecification","valueRequired":true,"valueName":"search_term_string"}}],"inLanguage":"fr-FR"}]}},"_links":{"self":[{"href":"https:\/\/evitale.ca\/fr\/wp-json\/wp\/v2\/product\/4410","targetHints":{"allow":["GET"]}}],"collection":[{"href":"https:\/\/evitale.ca\/fr\/wp-json\/wp\/v2\/product"}],"about":[{"href":"https:\/\/evitale.ca\/fr\/wp-json\/wp\/v2\/types\/product"}],"wp:featuredmedia":[{"embeddable":true,"href":"https:\/\/evitale.ca\/fr\/wp-json\/wp\/v2\/media\/4421"}],"wp:attachment":[{"href":"https:\/\/evitale.ca\/fr\/wp-json\/wp\/v2\/media?parent=4410"}],"wp:term":[{"taxonomy":"product_brand","embeddable":true,"href":"https:\/\/evitale.ca\/fr\/wp-json\/wp\/v2\/product_brand?post=4410"},{"taxonomy":"product_cat","embeddable":true,"href":"https:\/\/evitale.ca\/fr\/wp-json\/wp\/v2\/product_cat?post=4410"},{"taxonomy":"product_tag","embeddable":true,"href":"https:\/\/evitale.ca\/fr\/wp-json\/wp\/v2\/product_tag?post=4410"},{"taxonomy":"giftcard-category","embeddable":true,"href":"https:\/\/evitale.ca\/fr\/wp-json\/wp\/v2\/giftcard-category?post=4410"}],"curies":[{"name":"wp","href":"https:\/\/api.w.org\/{rel}","templated":true}]}}